{"id":2338,"date":"2022-05-24T13:13:30","date_gmt":"2022-05-24T11:13:30","guid":{"rendered":"https:\/\/asociacionlidia.es\/?page_id=2338"},"modified":"2023-11-17T12:12:50","modified_gmt":"2023-11-17T11:12:50","slug":"elevages","status":"publish","type":"page","link":"https:\/\/asociacionlidia.es\/fr\/elevages\/","title":{"rendered":"\u00c9levages"},"content":{"rendered":"\t\t<div data-elementor-type=\"wp-page\" data-elementor-id=\"2338\" class=\"elementor elementor-2338\" data-elementor-post-type=\"page\">\n\t\t\t\t\t\t<section class=\"elementor-section elementor-top-section elementor-element elementor-element-d3c8d60 elementor-section-height-min-height elementor-section-boxed elementor-section-height-default elementor-section-items-middle\" data-id=\"d3c8d60\" data-element_type=\"section\" data-e-type=\"section\" data-settings=\"{&quot;background_background&quot;:&quot;classic&quot;}\">\n\t\t\t\t\t\t\t<div class=\"elementor-background-overlay\"><\/div>\n\t\t\t\t\t\t\t<div class=\"elementor-container elementor-column-gap-default\">\n\t\t\t\t\t<div class=\"elementor-column elementor-col-50 elementor-top-column elementor-element elementor-element-2401057 animated-slow elementor-invisible\" data-id=\"2401057\" data-element_type=\"column\" data-e-type=\"column\" data-settings=\"{&quot;animation&quot;:&quot;slideInDown&quot;}\">\n\t\t\t<div class=\"elementor-widget-wrap elementor-element-populated\">\n\t\t\t\t\t\t<div class=\"elementor-element elementor-element-8b782f4 elementor-widget elementor-widget-heading\" data-id=\"8b782f4\" data-element_type=\"widget\" data-e-type=\"widget\" data-widget_type=\"heading.default\">\n\t\t\t\t<div class=\"elementor-widget-container\">\n\t\t\t\t\t<h1 class=\"elementor-heading-title elementor-size-default\">\u00c9LEVAGES<\/h1>\t\t\t\t<\/div>\n\t\t\t\t<\/div>\n\t\t\t\t\t<\/div>\n\t\t<\/div>\n\t\t\t\t<div class=\"elementor-column elementor-col-50 elementor-top-column elementor-element elementor-element-a414a8a animated-slow elementor-invisible\" data-id=\"a414a8a\" data-element_type=\"column\" data-e-type=\"column\" data-settings=\"{&quot;animation&quot;:&quot;slideInDown&quot;}\">\n\t\t\t<div class=\"elementor-widget-wrap\">\n\t\t\t\t\t\t\t<\/div>\n\t\t<\/div>\n\t\t\t\t\t<\/div>\n\t\t<\/section>\n\t\t\t\t<section class=\"elementor-section elementor-top-section elementor-element elementor-element-26a9748 elementor-section-boxed elementor-section-height-default elementor-section-height-default\" data-id=\"26a9748\" data-element_type=\"section\" data-e-type=\"section\">\n\t\t\t\t\t\t<div class=\"elementor-container elementor-column-gap-default\">\n\t\t\t\t\t<div class=\"elementor-column elementor-col-100 elementor-top-column elementor-element elementor-element-0e861a4\" data-id=\"0e861a4\" data-element_type=\"column\" data-e-type=\"column\">\n\t\t\t<div class=\"elementor-widget-wrap elementor-element-populated\">\n\t\t\t\t\t\t\t<\/div>\n\t\t<\/div>\n\t\t\t\t\t<\/div>\n\t\t<\/section>\n\t\t\t\t<section class=\"elementor-section elementor-top-section elementor-element elementor-element-29471548 elementor-section-height-min-height elementor-section-boxed elementor-section-height-default elementor-section-items-middle\" data-id=\"29471548\" data-element_type=\"section\" data-e-type=\"section\" data-settings=\"{&quot;background_background&quot;:&quot;classic&quot;}\">\n\t\t\t\t\t\t<div class=\"elementor-container elementor-column-gap-default\">\n\t\t\t\t\t<div class=\"elementor-column elementor-col-100 elementor-top-column elementor-element elementor-element-6573bfc7\" data-id=\"6573bfc7\" data-element_type=\"column\" data-e-type=\"column\">\n\t\t\t<div class=\"elementor-widget-wrap elementor-element-populated\">\n\t\t\t\t\t\t<div class=\"elementor-element elementor-element-d904fd7 elementor-widget elementor-widget-text-editor\" data-id=\"d904fd7\" data-element_type=\"widget\" data-e-type=\"widget\" data-widget_type=\"text-editor.default\">\n\t\t\t\t<div class=\"elementor-widget-container\">\n\t\t\t\t\t\t\t\t\t<p>Association D\u2019Elevages de Taureaux de Combat<\/p>\t\t\t\t\t\t\t\t<\/div>\n\t\t\t\t<\/div>\n\t\t\t\t<div class=\"elementor-element elementor-element-29085c31 elementor-widget elementor-widget-heading\" data-id=\"29085c31\" data-element_type=\"widget\" data-e-type=\"widget\" data-widget_type=\"heading.default\">\n\t\t\t\t<div class=\"elementor-widget-container\">\n\t\t\t\t\t<h2 class=\"elementor-heading-title elementor-size-default\">CARTE INTERACTIVE<\/h2>\t\t\t\t<\/div>\n\t\t\t\t<\/div>\n\t\t\t\t<div class=\"elementor-element elementor-element-981ff29 elementor-widget elementor-widget-heading\" data-id=\"981ff29\" data-element_type=\"widget\" data-e-type=\"widget\" data-widget_type=\"heading.default\">\n\t\t\t\t<div class=\"elementor-widget-container\">\n\t\t\t\t\t<h3 class=\"elementor-heading-title elementor-size-default\">Notre association compte actuellement plus de 350 exploitations d\u2019\u00e9levage enregistr\u00e9es<\/h3>\t\t\t\t<\/div>\n\t\t\t\t<\/div>\n\t\t\t\t<div class=\"elementor-element elementor-element-5965ce2 elementor-widget-divider--view-line elementor-widget elementor-widget-divider\" data-id=\"5965ce2\" data-element_type=\"widget\" data-e-type=\"widget\" data-widget_type=\"divider.default\">\n\t\t\t\t<div class=\"elementor-widget-container\">\n\t\t\t\t\t\t\t<div class=\"elementor-divider\">\n\t\t\t<span class=\"elementor-divider-separator\">\n\t\t\t\t\t\t<\/span>\n\t\t<\/div>\n\t\t\t\t\t\t<\/div>\n\t\t\t\t<\/div>\n\t\t\t\t<section class=\"elementor-section elementor-inner-section elementor-element elementor-element-6a0bfc4 elementor-section-boxed elementor-section-height-default elementor-section-height-default\" data-id=\"6a0bfc4\" data-element_type=\"section\" data-e-type=\"section\">\n\t\t\t\t\t\t<div class=\"elementor-container elementor-column-gap-default\">\n\t\t\t\t\t<div class=\"elementor-column elementor-col-100 elementor-inner-column elementor-element elementor-element-59bc2bd\" data-id=\"59bc2bd\" data-element_type=\"column\" data-e-type=\"column\">\n\t\t\t<div class=\"elementor-widget-wrap elementor-element-populated\">\n\t\t\t\t\t\t<div class=\"elementor-element elementor-element-b650db9 elementor-search-form--skin-classic elementor-search-form--button-type-icon elementor-search-form--icon-search elementor-widget elementor-widget-search-form\" data-id=\"b650db9\" data-element_type=\"widget\" data-e-type=\"widget\" data-settings=\"{&quot;skin&quot;:&quot;classic&quot;}\" data-widget_type=\"search-form.default\">\n\t\t\t\t<div class=\"elementor-widget-container\">\n\t\t\t\t\t\t\t<search role=\"search\">\n\t\t\t<form class=\"elementor-search-form\" action=\"https:\/\/asociacionlidia.es\/fr\" method=\"get\">\n\t\t\t\t\t\t\t\t\t\t\t\t<div class=\"elementor-search-form__container\">\n\t\t\t\t\t<label class=\"elementor-screen-only\" for=\"elementor-search-form-b650db9\">Rechercher <\/label>\n\n\t\t\t\t\t\n\t\t\t\t\t<input id=\"elementor-search-form-b650db9\" placeholder=\"Rechercher des \u00c9levages\u2026\" class=\"elementor-search-form__input\" type=\"search\" name=\"s\" value=\"\">\n\t\t\t\t\t\n\t\t\t\t\t\t\t\t\t\t\t<button class=\"elementor-search-form__submit\" type=\"submit\" aria-label=\"Rechercher \">\n\t\t\t\t\t\t\t\t\t\t\t\t\t\t\t<i aria-hidden=\"true\" class=\"fas fa-search\"><\/i>\t\t\t\t\t\t\t\t\t\t\t\t\t<\/button>\n\t\t\t\t\t\n\t\t\t\t\t\t\t\t\t<\/div>\n\t\t\t<\/form>\n\t\t<\/search>\n\t\t\t\t\t\t<\/div>\n\t\t\t\t<\/div>\n\t\t\t\t\t<\/div>\n\t\t<\/div>\n\t\t\t\t\t<\/div>\n\t\t<\/section>\n\t\t\t\t<div class=\"elementor-element elementor-element-96f7c97 elementor-widget elementor-widget-spacer\" data-id=\"96f7c97\" data-element_type=\"widget\" data-e-type=\"widget\" data-widget_type=\"spacer.default\">\n\t\t\t\t<div class=\"elementor-widget-container\">\n\t\t\t\t\t\t\t<div class=\"elementor-spacer\">\n\t\t\t<div class=\"elementor-spacer-inner\"><\/div>\n\t\t<\/div>\n\t\t\t\t\t\t<\/div>\n\t\t\t\t<\/div>\n\t\t\t\t<div class=\"elementor-element elementor-element-7e53272 elementor-widget elementor-widget-shortcode\" data-id=\"7e53272\" data-element_type=\"widget\" data-e-type=\"widget\" data-widget_type=\"shortcode.default\">\n\t\t\t\t<div class=\"elementor-widget-container\">\n\t\t\t\t\t\t\t<div class=\"elementor-shortcode\"><div class=\"map_wrapper\" id=\"map_wrapper_2709\">\n<div class=\"map_box\" style=\"max-width:1000px\">\n<div class=\"map_aspect_ratio\" style=\"padding-top:65%\" data-padding-top=\"65%\" data-padding-top-mobile=\"0%\">\n<div class=\"map_container\">\n<div class=\"map_render map_loading\" id=\"map_2709\"><\/div>\n<\/div>\n<\/div>\n<\/div>\n<\/div><\/div>\n\t\t\t\t\t\t<\/div>\n\t\t\t\t<\/div>\n\t\t\t\t<div class=\"elementor-element elementor-element-d025c9f elementor-widget elementor-widget-wp-widget-categories\" data-id=\"d025c9f\" data-element_type=\"widget\" data-e-type=\"widget\" data-widget_type=\"wp-widget-categories.default\">\n\t\t\t\t<div class=\"elementor-widget-container\">\n\t\t\t\t\t<h5>ZONES<\/h5><form action=\"https:\/\/asociacionlidia.es\/fr\" method=\"get\"><label class=\"screen-reader-text\" for=\"cat\">ZONES<\/label><select  name='cat' id='cat' class='postform'>\n\t<option value='-1'>S\u00e9lectionner une cat\u00e9gorie<\/option>\n\t<option class=\"level-0\" value=\"18\">Andalucia&nbsp;&nbsp;(67)<\/option>\n\t<option class=\"level-1\" value=\"82\">&nbsp;&nbsp;&nbsp;Almeria&nbsp;&nbsp;(1)<\/option>\n\t<option class=\"level-1\" value=\"19\">&nbsp;&nbsp;&nbsp;C\u00e1diz&nbsp;&nbsp;(15)<\/option>\n\t<option class=\"level-1\" value=\"22\">&nbsp;&nbsp;&nbsp;C\u00f3rdoba&nbsp;&nbsp;(2)<\/option>\n\t<option class=\"level-1\" value=\"74\">&nbsp;&nbsp;&nbsp;Granada&nbsp;&nbsp;(3)<\/option>\n\t<option class=\"level-1\" value=\"23\">&nbsp;&nbsp;&nbsp;Huelva&nbsp;&nbsp;(6)<\/option>\n\t<option class=\"level-1\" value=\"24\">&nbsp;&nbsp;&nbsp;Ja\u00e9n&nbsp;&nbsp;(25)<\/option>\n\t<option class=\"level-1\" value=\"71\">&nbsp;&nbsp;&nbsp;M\u00e1laga&nbsp;&nbsp;(2)<\/option>\n\t<option class=\"level-1\" value=\"25\">&nbsp;&nbsp;&nbsp;Sevilla&nbsp;&nbsp;(13)<\/option>\n\t<option class=\"level-0\" value=\"26\">Arag\u00f3n&nbsp;&nbsp;(17)<\/option>\n\t<option class=\"level-1\" value=\"75\">&nbsp;&nbsp;&nbsp;Teruel&nbsp;&nbsp;(7)<\/option>\n\t<option class=\"level-1\" value=\"27\">&nbsp;&nbsp;&nbsp;Zaragoza&nbsp;&nbsp;(10)<\/option>\n\t<option class=\"level-0\" value=\"28\">Castilla la Mancha&nbsp;&nbsp;(44)<\/option>\n\t<option class=\"level-1\" value=\"29\">&nbsp;&nbsp;&nbsp;Albacete&nbsp;&nbsp;(3)<\/option>\n\t<option class=\"level-1\" value=\"30\">&nbsp;&nbsp;&nbsp;Ciudad Real&nbsp;&nbsp;(8)<\/option>\n\t<option class=\"level-1\" value=\"87\">&nbsp;&nbsp;&nbsp;Cuenca&nbsp;&nbsp;(1)<\/option>\n\t<option class=\"level-1\" value=\"68\">&nbsp;&nbsp;&nbsp;Guadalajara&nbsp;&nbsp;(10)<\/option>\n\t<option class=\"level-1\" value=\"31\">&nbsp;&nbsp;&nbsp;Toledo&nbsp;&nbsp;(22)<\/option>\n\t<option class=\"level-0\" value=\"32\">Castilla y Le\u00f3n&nbsp;&nbsp;(72)<\/option>\n\t<option class=\"level-1\" value=\"33\">&nbsp;&nbsp;&nbsp;\u00c1vila&nbsp;&nbsp;(4)<\/option>\n\t<option class=\"level-1\" value=\"34\">&nbsp;&nbsp;&nbsp;Burgos&nbsp;&nbsp;(1)<\/option>\n\t<option class=\"level-1\" value=\"97\">&nbsp;&nbsp;&nbsp;Palencia&nbsp;&nbsp;(1)<\/option>\n\t<option class=\"level-1\" value=\"36\">&nbsp;&nbsp;&nbsp;Salamanca&nbsp;&nbsp;(48)<\/option>\n\t<option class=\"level-1\" value=\"57\">&nbsp;&nbsp;&nbsp;Segovia&nbsp;&nbsp;(2)<\/option>\n\t<option class=\"level-1\" value=\"76\">&nbsp;&nbsp;&nbsp;Soria&nbsp;&nbsp;(1)<\/option>\n\t<option class=\"level-1\" value=\"37\">&nbsp;&nbsp;&nbsp;Valladolid&nbsp;&nbsp;(11)<\/option>\n\t<option class=\"level-1\" value=\"38\">&nbsp;&nbsp;&nbsp;Zamora&nbsp;&nbsp;(3)<\/option>\n\t<option class=\"level-0\" value=\"91\">Catalu\u00f1a&nbsp;&nbsp;(5)<\/option>\n\t<option class=\"level-1\" value=\"70\">&nbsp;&nbsp;&nbsp;Tarragona&nbsp;&nbsp;(5)<\/option>\n\t<option class=\"level-0\" value=\"39\">Comunidad Valenciana&nbsp;&nbsp;(28)<\/option>\n\t<option class=\"level-1\" value=\"85\">&nbsp;&nbsp;&nbsp;Alicante&nbsp;&nbsp;(1)<\/option>\n\t<option class=\"level-1\" value=\"40\">&nbsp;&nbsp;&nbsp;Castell\u00f3n&nbsp;&nbsp;(13)<\/option>\n\t<option class=\"level-1\" value=\"52\">&nbsp;&nbsp;&nbsp;Valencia&nbsp;&nbsp;(14)<\/option>\n\t<option class=\"level-0\" value=\"41\">Extremadura&nbsp;&nbsp;(41)<\/option>\n\t<option class=\"level-1\" value=\"42\">&nbsp;&nbsp;&nbsp;Badajoz&nbsp;&nbsp;(18)<\/option>\n\t<option class=\"level-1\" value=\"43\">&nbsp;&nbsp;&nbsp;C\u00e1ceres&nbsp;&nbsp;(23)<\/option>\n\t<option class=\"level-0\" value=\"49\">Francia&nbsp;&nbsp;(2)<\/option>\n\t<option class=\"level-0\" value=\"44\">La Rioja&nbsp;&nbsp;(3)<\/option>\n\t<option class=\"level-0\" value=\"45\">Madrid&nbsp;&nbsp;(32)<\/option>\n\t<option class=\"level-0\" value=\"46\">Murcia&nbsp;&nbsp;(1)<\/option>\n\t<option class=\"level-0\" value=\"47\">Navarra&nbsp;&nbsp;(17)<\/option>\n\t<option class=\"level-0\" value=\"100\">Pais Vasco&nbsp;&nbsp;(3)<\/option>\n\t<option class=\"level-1\" value=\"101\">&nbsp;&nbsp;&nbsp;\u00c1lava&nbsp;&nbsp;(1)<\/option>\n\t<option class=\"level-1\" value=\"60\">&nbsp;&nbsp;&nbsp;Guipuzcoa&nbsp;&nbsp;(2)<\/option>\n\t<option class=\"level-0\" value=\"48\">Portugal&nbsp;&nbsp;(8)<\/option>\n<\/select>\n<\/form><script>\n( ( dropdownId ) => {\n\tconst dropdown = document.getElementById( dropdownId );\n\tfunction onSelectChange() {\n\t\tsetTimeout( () => {\n\t\t\tif ( 'escape' === dropdown.dataset.lastkey ) {\n\t\t\t\treturn;\n\t\t\t}\n\t\t\tif ( dropdown.value && parseInt( dropdown.value ) > 0 && dropdown instanceof HTMLSelectElement ) {\n\t\t\t\tdropdown.parentElement.submit();\n\t\t\t}\n\t\t}, 250 );\n\t}\n\tfunction onKeyUp( event ) {\n\t\tif ( 'Escape' === event.key ) {\n\t\t\tdropdown.dataset.lastkey = 'escape';\n\t\t} else {\n\t\t\tdelete dropdown.dataset.lastkey;\n\t\t}\n\t}\n\tfunction onClick() {\n\t\tdelete dropdown.dataset.lastkey;\n\t}\n\tdropdown.addEventListener( 'keyup', onKeyUp );\n\tdropdown.addEventListener( 'click', onClick );\n\tdropdown.addEventListener( 'change', onSelectChange );\n})( \"cat\" );\n\n\/\/# sourceURL=WP_Widget_Categories%3A%3Awidget\n<\/script>\n\t\t\t\t<\/div>\n\t\t\t\t<\/div>\n\t\t\t\t<section class=\"elementor-section elementor-inner-section elementor-element elementor-element-c5fcacd elementor-section-boxed elementor-section-height-default elementor-section-height-default\" data-id=\"c5fcacd\" data-element_type=\"section\" data-e-type=\"section\">\n\t\t\t\t\t\t<div class=\"elementor-container elementor-column-gap-default\">\n\t\t\t\t\t<div class=\"elementor-column elementor-col-50 elementor-inner-column elementor-element elementor-element-dd1c50b\" data-id=\"dd1c50b\" data-element_type=\"column\" data-e-type=\"column\">\n\t\t\t<div class=\"elementor-widget-wrap elementor-element-populated\">\n\t\t\t\t\t\t<div class=\"elementor-element elementor-element-354fd7a elementor-widget elementor-widget-image\" data-id=\"354fd7a\" data-element_type=\"widget\" data-e-type=\"widget\" data-widget_type=\"image.default\">\n\t\t\t\t<div class=\"elementor-widget-container\">\n\t\t\t\t\t\t\t\t\t\t\t\t\t\t\t<img decoding=\"async\" src=\"https:\/\/asociacionlidia.es\/fr\/wp-content\/uploads\/sites\/4\/elementor\/thumbs\/asociacion_ganaderias_de_lidia_ganaderias_new_b-q8v1m23xlg6wya9iyh06yheyutdcdo7oktqlr7t8yo.webp\" title=\"asociacion ganaderias de lidia ganaderias new b\" alt=\"asociacion ganaderias de lidia ganaderias new b\" loading=\"lazy\" \/>\t\t\t\t\t\t\t\t\t\t\t\t\t\t\t<\/div>\n\t\t\t\t<\/div>\n\t\t\t\t\t<\/div>\n\t\t<\/div>\n\t\t\t\t<div class=\"elementor-column elementor-col-50 elementor-inner-column elementor-element elementor-element-e2d5a7f\" data-id=\"e2d5a7f\" data-element_type=\"column\" data-e-type=\"column\">\n\t\t\t<div class=\"elementor-widget-wrap elementor-element-populated\">\n\t\t\t\t\t\t<div class=\"elementor-element elementor-element-5564f87 elementor-widget elementor-widget-image\" data-id=\"5564f87\" data-element_type=\"widget\" data-e-type=\"widget\" data-widget_type=\"image.default\">\n\t\t\t\t<div class=\"elementor-widget-container\">\n\t\t\t\t\t\t\t\t\t\t\t\t\t\t\t<img decoding=\"async\" src=\"https:\/\/asociacionlidia.es\/fr\/wp-content\/uploads\/sites\/4\/elementor\/thumbs\/asociacion_ganaderias_de_lidia_ganaderias_new_a-q8v1m23xlg6wya9iyh06yheyutdcdo7oktqlr7t8yo.webp\" title=\"asociacion ganaderias de lidia ganaderias new a\" alt=\"asociacion ganaderias de lidia ganaderias new a\" loading=\"lazy\" \/>\t\t\t\t\t\t\t\t\t\t\t\t\t\t\t<\/div>\n\t\t\t\t<\/div>\n\t\t\t\t\t<\/div>\n\t\t<\/div>\n\t\t\t\t\t<\/div>\n\t\t<\/section>\n\t\t\t\t\t<\/div>\n\t\t<\/div>\n\t\t\t\t\t<\/div>\n\t\t<\/section>\n\t\t\t\t<section class=\"elementor-section elementor-top-section elementor-element elementor-element-a018039 elementor-section-full_width elementor-section-height-min-height elementor-section-content-middle elementor-section-height-default elementor-section-items-middle\" data-id=\"a018039\" data-element_type=\"section\" data-e-type=\"section\" data-settings=\"{&quot;background_background&quot;:&quot;classic&quot;,&quot;shape_divider_bottom&quot;:&quot;arrow&quot;}\">\n\t\t\t\t\t\t\t<div class=\"elementor-background-overlay\"><\/div>\n\t\t\t\t\t\t<div class=\"elementor-shape elementor-shape-bottom\" aria-hidden=\"true\" data-negative=\"false\">\n\t\t\t<svg xmlns=\"http:\/\/www.w3.org\/2000\/svg\" viewBox=\"0 0 700 10\" preserveAspectRatio=\"none\">\n\t<path class=\"elementor-shape-fill\" d=\"M350,10L340,0h20L350,10z\"\/>\n<\/svg>\t\t<\/div>\n\t\t\t\t\t<div class=\"elementor-container elementor-column-gap-default\">\n\t\t\t\t\t<div class=\"elementor-column elementor-col-100 elementor-top-column elementor-element elementor-element-be1939f\" data-id=\"be1939f\" data-element_type=\"column\" data-e-type=\"column\">\n\t\t\t<div class=\"elementor-widget-wrap\">\n\t\t\t\t\t\t\t<\/div>\n\t\t<\/div>\n\t\t\t\t\t<\/div>\n\t\t<\/section>\n\t\t\t\t<\/div>\n\t\t","protected":false},"excerpt":{"rendered":"<p>\u00c9LEVAGES Association D\u2019Elevages de Taureaux de Combat CARTE INTERACTIVE Notre association compte actuellement plus de 350 exploitations d\u2019\u00e9levage enregistr\u00e9es<\/p>\n","protected":false},"author":1,"featured_media":0,"parent":0,"menu_order":0,"comment_status":"closed","ping_status":"closed","template":"elementor_header_footer","meta":{"_acf_changed":false,"footnotes":""},"class_list":["post-2338","page","type-page","status-publish","hentry"],"acf":[],"yoast_head":"<!-- This site is optimized with the Yoast SEO plugin v27.3 - https:\/\/yoast.com\/product\/yoast-seo-wordpress\/ -->\n<title>\u00c9levages - Asociaci\u00f3n Ganaderias de Lidia Franc\u00e9s<\/title>\n<meta name=\"description\" content=\"Depuis 1991, notre association d&#039;\u00e9leveurs de bovins est officiellement reconnue par le minist\u00e8re de l&#039;agriculture pour la tenue du Stud Book\" \/>\n<meta name=\"robots\" content=\"index, follow, max-snippet:-1, max-image-preview:large, max-video-preview:-1\" \/>\n<link rel=\"canonical\" href=\"https:\/\/asociacionlidia.es\/fr\/elevages\/\" \/>\n<meta property=\"og:locale\" content=\"fr_FR\" \/>\n<meta property=\"og:type\" content=\"article\" \/>\n<meta property=\"og:title\" content=\"\u00c9levages - Asociaci\u00f3n Ganaderias de Lidia Franc\u00e9s\" \/>\n<meta property=\"og:description\" content=\"Depuis 1991, notre association d&#039;\u00e9leveurs de bovins est officiellement reconnue par le minist\u00e8re de l&#039;agriculture pour la tenue du Stud Book\" \/>\n<meta property=\"og:url\" content=\"https:\/\/asociacionlidia.es\/fr\/elevages\/\" \/>\n<meta property=\"og:site_name\" content=\"Asociaci\u00f3n Ganaderias de Lidia Franc\u00e9s\" \/>\n<meta property=\"article:modified_time\" content=\"2023-11-17T11:12:50+00:00\" \/>\n<meta property=\"og:image\" content=\"https:\/\/asociacionlidia.es\/fr\/wp-content\/uploads\/sites\/4\/elementor\/thumbs\/asociacion_ganaderias_de_lidia_ganaderias_new_b-qfe5amzuf9d42vaiailc5deq9ufbnmmwl2tmdzuy9s.webp\" \/>\n<meta name=\"twitter:card\" content=\"summary_large_image\" \/>\n<meta name=\"twitter:label1\" content=\"Dur\u00e9e de lecture estim\u00e9e\" \/>\n\t<meta name=\"twitter:data1\" content=\"1 minute\" \/>\n<script type=\"application\/ld+json\" class=\"yoast-schema-graph\">{\"@context\":\"https:\\\/\\\/schema.org\",\"@graph\":[{\"@type\":\"WebPage\",\"@id\":\"https:\\\/\\\/asociacionlidia.es\\\/fr\\\/elevages\\\/\",\"url\":\"https:\\\/\\\/asociacionlidia.es\\\/fr\\\/elevages\\\/\",\"name\":\"\u00c9levages - Asociaci\u00f3n Ganaderias de Lidia Franc\u00e9s\",\"isPartOf\":{\"@id\":\"https:\\\/\\\/asociacionlidia.es\\\/fr\\\/#website\"},\"primaryImageOfPage\":{\"@id\":\"https:\\\/\\\/asociacionlidia.es\\\/fr\\\/elevages\\\/#primaryimage\"},\"image\":{\"@id\":\"https:\\\/\\\/asociacionlidia.es\\\/fr\\\/elevages\\\/#primaryimage\"},\"thumbnailUrl\":\"https:\\\/\\\/asociacionlidia.es\\\/fr\\\/wp-content\\\/uploads\\\/sites\\\/4\\\/elementor\\\/thumbs\\\/asociacion_ganaderias_de_lidia_ganaderias_new_b-qfe5amzuf9d42vaiailc5deq9ufbnmmwl2tmdzuy9s.webp\",\"datePublished\":\"2022-05-24T11:13:30+00:00\",\"dateModified\":\"2023-11-17T11:12:50+00:00\",\"description\":\"Depuis 1991, notre association d'\u00e9leveurs de bovins est officiellement reconnue par le minist\u00e8re de l'agriculture pour la tenue du Stud Book\",\"breadcrumb\":{\"@id\":\"https:\\\/\\\/asociacionlidia.es\\\/fr\\\/elevages\\\/#breadcrumb\"},\"inLanguage\":\"fr-FR\",\"potentialAction\":[{\"@type\":\"ReadAction\",\"target\":[\"https:\\\/\\\/asociacionlidia.es\\\/fr\\\/elevages\\\/\"]}]},{\"@type\":\"ImageObject\",\"inLanguage\":\"fr-FR\",\"@id\":\"https:\\\/\\\/asociacionlidia.es\\\/fr\\\/elevages\\\/#primaryimage\",\"url\":\"https:\\\/\\\/asociacionlidia.es\\\/fr\\\/wp-content\\\/uploads\\\/sites\\\/4\\\/elementor\\\/thumbs\\\/asociacion_ganaderias_de_lidia_ganaderias_new_b-qfe5amzuf9d42vaiailc5deq9ufbnmmwl2tmdzuy9s.webp\",\"contentUrl\":\"https:\\\/\\\/asociacionlidia.es\\\/fr\\\/wp-content\\\/uploads\\\/sites\\\/4\\\/elementor\\\/thumbs\\\/asociacion_ganaderias_de_lidia_ganaderias_new_b-qfe5amzuf9d42vaiailc5deq9ufbnmmwl2tmdzuy9s.webp\"},{\"@type\":\"BreadcrumbList\",\"@id\":\"https:\\\/\\\/asociacionlidia.es\\\/fr\\\/elevages\\\/#breadcrumb\",\"itemListElement\":[{\"@type\":\"ListItem\",\"position\":1,\"name\":\"Portada\",\"item\":\"https:\\\/\\\/asociacionlidia.es\\\/fr\\\/\"},{\"@type\":\"ListItem\",\"position\":2,\"name\":\"\u00c9levages\"}]},{\"@type\":\"WebSite\",\"@id\":\"https:\\\/\\\/asociacionlidia.es\\\/fr\\\/#website\",\"url\":\"https:\\\/\\\/asociacionlidia.es\\\/fr\\\/\",\"name\":\"Asociaci\u00f3n Ganaderias de Lidia Franc\u00e9s\",\"description\":\"AGL\",\"potentialAction\":[{\"@type\":\"SearchAction\",\"target\":{\"@type\":\"EntryPoint\",\"urlTemplate\":\"https:\\\/\\\/asociacionlidia.es\\\/fr\\\/?s={search_term_string}\"},\"query-input\":{\"@type\":\"PropertyValueSpecification\",\"valueRequired\":true,\"valueName\":\"search_term_string\"}}],\"inLanguage\":\"fr-FR\"}]}<\/script>\n<!-- \/ Yoast SEO plugin. -->","yoast_head_json":{"title":"\u00c9levages - Asociaci\u00f3n Ganaderias de Lidia Franc\u00e9s","description":"Depuis 1991, notre association d'\u00e9leveurs de bovins est officiellement reconnue par le minist\u00e8re de l'agriculture pour la tenue du Stud Book","robots":{"index":"index","follow":"follow","max-snippet":"max-snippet:-1","max-image-preview":"max-image-preview:large","max-video-preview":"max-video-preview:-1"},"canonical":"https:\/\/asociacionlidia.es\/fr\/elevages\/","og_locale":"fr_FR","og_type":"article","og_title":"\u00c9levages - Asociaci\u00f3n Ganaderias de Lidia Franc\u00e9s","og_description":"Depuis 1991, notre association d'\u00e9leveurs de bovins est officiellement reconnue par le minist\u00e8re de l'agriculture pour la tenue du Stud Book","og_url":"https:\/\/asociacionlidia.es\/fr\/elevages\/","og_site_name":"Asociaci\u00f3n Ganaderias de Lidia Franc\u00e9s","article_modified_time":"2023-11-17T11:12:50+00:00","og_image":[{"url":"https:\/\/asociacionlidia.es\/fr\/wp-content\/uploads\/sites\/4\/elementor\/thumbs\/asociacion_ganaderias_de_lidia_ganaderias_new_b-qfe5amzuf9d42vaiailc5deq9ufbnmmwl2tmdzuy9s.webp","type":"","width":"","height":""}],"twitter_card":"summary_large_image","twitter_misc":{"Dur\u00e9e de lecture estim\u00e9e":"1 minute"},"schema":{"@context":"https:\/\/schema.org","@graph":[{"@type":"WebPage","@id":"https:\/\/asociacionlidia.es\/fr\/elevages\/","url":"https:\/\/asociacionlidia.es\/fr\/elevages\/","name":"\u00c9levages - Asociaci\u00f3n Ganaderias de Lidia Franc\u00e9s","isPartOf":{"@id":"https:\/\/asociacionlidia.es\/fr\/#website"},"primaryImageOfPage":{"@id":"https:\/\/asociacionlidia.es\/fr\/elevages\/#primaryimage"},"image":{"@id":"https:\/\/asociacionlidia.es\/fr\/elevages\/#primaryimage"},"thumbnailUrl":"https:\/\/asociacionlidia.es\/fr\/wp-content\/uploads\/sites\/4\/elementor\/thumbs\/asociacion_ganaderias_de_lidia_ganaderias_new_b-qfe5amzuf9d42vaiailc5deq9ufbnmmwl2tmdzuy9s.webp","datePublished":"2022-05-24T11:13:30+00:00","dateModified":"2023-11-17T11:12:50+00:00","description":"Depuis 1991, notre association d'\u00e9leveurs de bovins est officiellement reconnue par le minist\u00e8re de l'agriculture pour la tenue du Stud Book","breadcrumb":{"@id":"https:\/\/asociacionlidia.es\/fr\/elevages\/#breadcrumb"},"inLanguage":"fr-FR","potentialAction":[{"@type":"ReadAction","target":["https:\/\/asociacionlidia.es\/fr\/elevages\/"]}]},{"@type":"ImageObject","inLanguage":"fr-FR","@id":"https:\/\/asociacionlidia.es\/fr\/elevages\/#primaryimage","url":"https:\/\/asociacionlidia.es\/fr\/wp-content\/uploads\/sites\/4\/elementor\/thumbs\/asociacion_ganaderias_de_lidia_ganaderias_new_b-qfe5amzuf9d42vaiailc5deq9ufbnmmwl2tmdzuy9s.webp","contentUrl":"https:\/\/asociacionlidia.es\/fr\/wp-content\/uploads\/sites\/4\/elementor\/thumbs\/asociacion_ganaderias_de_lidia_ganaderias_new_b-qfe5amzuf9d42vaiailc5deq9ufbnmmwl2tmdzuy9s.webp"},{"@type":"BreadcrumbList","@id":"https:\/\/asociacionlidia.es\/fr\/elevages\/#breadcrumb","itemListElement":[{"@type":"ListItem","position":1,"name":"Portada","item":"https:\/\/asociacionlidia.es\/fr\/"},{"@type":"ListItem","position":2,"name":"\u00c9levages"}]},{"@type":"WebSite","@id":"https:\/\/asociacionlidia.es\/fr\/#website","url":"https:\/\/asociacionlidia.es\/fr\/","name":"Asociaci\u00f3n Ganaderias de Lidia Franc\u00e9s","description":"AGL","potentialAction":[{"@type":"SearchAction","target":{"@type":"EntryPoint","urlTemplate":"https:\/\/asociacionlidia.es\/fr\/?s={search_term_string}"},"query-input":{"@type":"PropertyValueSpecification","valueRequired":true,"valueName":"search_term_string"}}],"inLanguage":"fr-FR"}]}},"_links":{"self":[{"href":"https:\/\/asociacionlidia.es\/fr\/wp-json\/wp\/v2\/pages\/2338","targetHints":{"allow":["GET"]}}],"collection":[{"href":"https:\/\/asociacionlidia.es\/fr\/wp-json\/wp\/v2\/pages"}],"about":[{"href":"https:\/\/asociacionlidia.es\/fr\/wp-json\/wp\/v2\/types\/page"}],"author":[{"embeddable":true,"href":"https:\/\/asociacionlidia.es\/fr\/wp-json\/wp\/v2\/users\/1"}],"replies":[{"embeddable":true,"href":"https:\/\/asociacionlidia.es\/fr\/wp-json\/wp\/v2\/comments?post=2338"}],"version-history":[{"count":5,"href":"https:\/\/asociacionlidia.es\/fr\/wp-json\/wp\/v2\/pages\/2338\/revisions"}],"predecessor-version":[{"id":8064,"href":"https:\/\/asociacionlidia.es\/fr\/wp-json\/wp\/v2\/pages\/2338\/revisions\/8064"}],"wp:attachment":[{"href":"https:\/\/asociacionlidia.es\/fr\/wp-json\/wp\/v2\/media?parent=2338"}],"curies":[{"name":"wp","href":"https:\/\/api.w.org\/{rel}","templated":true}]}}