{"id":119,"date":"2020-02-12T13:52:01","date_gmt":"2020-02-12T12:52:01","guid":{"rendered":"https:\/\/asociacionlidia.es\/?page_id=119"},"modified":"2023-11-17T13:08:16","modified_gmt":"2023-11-17T12:08:16","slug":"mentions-legales","status":"publish","type":"page","link":"https:\/\/asociacionlidia.es\/fr\/mentions-legales\/","title":{"rendered":"Mentions l\u00e9gales"},"content":{"rendered":"\t\t<div data-elementor-type=\"wp-page\" data-elementor-id=\"119\" class=\"elementor elementor-119\" data-elementor-post-type=\"page\">\n\t\t\t\t\t\t<section class=\"elementor-section elementor-top-section elementor-element elementor-element-14cc4e5 elementor-section-boxed elementor-section-height-default elementor-section-height-default\" data-id=\"14cc4e5\" data-element_type=\"section\" data-e-type=\"section\">\n\t\t\t\t\t\t<div class=\"elementor-container elementor-column-gap-default\">\n\t\t\t\t\t<div class=\"elementor-column elementor-col-100 elementor-top-column elementor-element elementor-element-79a79df\" data-id=\"79a79df\" data-element_type=\"column\" data-e-type=\"column\">\n\t\t\t<div class=\"elementor-widget-wrap elementor-element-populated\">\n\t\t\t\t\t\t<div class=\"elementor-element elementor-element-4a8543be elementor-widget elementor-widget-text-editor\" data-id=\"4a8543be\" data-element_type=\"widget\" data-e-type=\"widget\" data-widget_type=\"text-editor.default\">\n\t\t\t\t<div class=\"elementor-widget-container\">\n\t\t\t\t\t\t\t\t\t<h1>AVIS JURIDIQUE ET CONDITIONS G\u00c9N\u00c9RALES D&rsquo;UTILISATION<\/h1><p>www.asociacionlidia.es<\/p><h2>I. INFORMATIONS G\u00c9N\u00c9RALES<\/h2><p>Les coordonn\u00e9es des exploitations d&rsquo;\u00e9levage figurant sur ce site Web ont \u00e9t\u00e9 fournies par leurs propri\u00e9taires ou repr\u00e9sentants respectifs.<\/p><p>Conform\u00e9ment \u00e0 l&rsquo;obligation de fournir les informations pr\u00e9vues par la loi 34\/2002 sur les services de la soci\u00e9t\u00e9 de l&rsquo;information et le commerce \u00e9lectronique (LSSI-CE) du 11 juillet, les informations g\u00e9n\u00e9rales suivantes sont fournies sur ce site Web :<\/p><p>La propri\u00e9t\u00e9 de ce site web, www.asociacionlidia.es, (ci-apr\u00e8s, le site web) est d\u00e9tenue par : ASOCIACI\u00d3N DE GANADER\u00cdAS DE LIDIA, avec le NIF : G28528966, et dont les coordonn\u00e9es sont :<\/p><p>Adresse: Marques de cubas 23 1\u00baizq<\/p><p>Num\u00e9ro de t\u00e9l\u00e9phone du contact: <strong>914290251 &#8211; 914295626<\/strong><\/p><p>Courriel de contact: asociacionlidia@asociacionlidia.com<\/p><h2>II. CONDITIONS G\u00c9N\u00c9RALES D&rsquo;UTILISATION<\/h2><p>L&rsquo;objet des conditions g\u00e9n\u00e9rales : Le site web<\/p><p>Les pr\u00e9sentes conditions g\u00e9n\u00e9rales d&rsquo;utilisation (ci-apr\u00e8s d\u00e9nomm\u00e9es \u00ab\u00a0conditions\u00a0\u00bb) ont pour objet de r\u00e9glementer l&rsquo;acc\u00e8s au site web et son utilisation. Aux fins des pr\u00e9sentes conditions g\u00e9n\u00e9rales, on entend par site web : l&rsquo;aspect ext\u00e9rieur des interfaces d&rsquo;\u00e9cran, tant statiques que dynamiques, c&rsquo;est-\u00e0-dire l&rsquo;arbre de navigation ; et tous les \u00e9l\u00e9ments int\u00e9gr\u00e9s tant dans les interfaces d&rsquo;\u00e9cran que dans l&rsquo;arbre de navigation (ci-apr\u00e8s d\u00e9nomm\u00e9s \u00ab\u00a0contenu\u00a0\u00bb) et tous les services ou ressources en ligne qui peuvent \u00eatre offerts aux utilisateurs (ci-apr\u00e8s d\u00e9nomm\u00e9s \u00ab\u00a0services\u00a0\u00bb).<\/p><p>Asociaci\u00f3n de ganaderias de L\u00eddia (AGL) se r\u00e9serve le droit de modifier, \u00e0 tout moment et sans pr\u00e9avis, la pr\u00e9sentation et la configuration du site Web ainsi que les contenus et services qui peuvent y \u00eatre incorpor\u00e9s. L&rsquo;Utilisateur reconna\u00eet et accepte qu&rsquo;\u00e0 tout moment Asociaci\u00f3n de ganaderias de L\u00eddia (AGL) puisse interrompre, d\u00e9sactiver et\/ou annuler n&rsquo;importe lequel de ces \u00e9l\u00e9ments inclus dans le Site Web ou l&rsquo;acc\u00e8s \u00e0 ceux-ci.<\/p><p>L&rsquo;acc\u00e8s au site Web par l&rsquo;utilisateur est libre et, en r\u00e8gle g\u00e9n\u00e9rale, gratuit, sans que l&rsquo;utilisateur n&rsquo;ait \u00e0 fournir de contrepartie pour en jouir, \u00e0 l&rsquo;exception du co\u00fbt de la connexion \u00e0 travers le r\u00e9seau de t\u00e9l\u00e9communications fourni par le fournisseur d&rsquo;acc\u00e8s contract\u00e9 par l&rsquo;utilisateur.<\/p><p>L&rsquo;utilisation de l&rsquo;un des contenus ou services du site web peut \u00eatre subordonn\u00e9e \u00e0 la souscription pr\u00e9alable d&rsquo;un abonnement ou d&rsquo;une inscription par l&rsquo;utilisateur.<\/p><p>L&rsquo;utilisateur<\/p><p>L&rsquo;acc\u00e8s, la navigation et l&rsquo;utilisation du site Web conf\u00e8rent la condition d&rsquo;utilisateur et, par cons\u00e9quent, d\u00e8s le d\u00e9but de la navigation sur le site Web, l&rsquo;utilisateur accepte toutes les conditions \u00e9tablies ici, ainsi que toutes les modifications ult\u00e9rieures, sans pr\u00e9judice de l&rsquo;application des normes l\u00e9gales correspondantes qui doivent \u00eatre respect\u00e9es dans chaque cas. Compte tenu de l&rsquo;importance de ce qui pr\u00e9c\u00e8de, il est recommand\u00e9 \u00e0 l&rsquo;utilisateur de les lire chaque fois qu&rsquo;il visite le site Web.<\/p><p>Le site Web de l&rsquo;Asociaci\u00f3n de ganaderias de L\u00eddia (AGL) fournit un large \u00e9ventail d&rsquo;informations, de services et de donn\u00e9es. L&rsquo;utilisateur assume la responsabilit\u00e9 de l&rsquo;utilisation correcte du site Web. Cette responsabilit\u00e9 s&rsquo;\u00e9tend \u00e0 :<\/p><ul><li>Toute utilisation des informations, Contenus et\/ou Services et donn\u00e9es offerts par Asociaci\u00f3n de ganaderias de L\u00eddia (AGL) qui serait contraire aux dispositions des pr\u00e9sentes Conditions, \u00e0 la Loi, \u00e0 la morale ou \u00e0 l&rsquo;ordre public, ou qui, de toute autre mani\u00e8re, porterait atteinte aux droits de tiers ou au fonctionnement du Site Web.<\/li><li>La v\u00e9racit\u00e9 et la l\u00e9galit\u00e9 des informations fournies par l&rsquo;Utilisateur dans les formulaires mis \u00e0 sa disposition par Asociaci\u00f3n de ganaderias de L\u00eddia (AGL) pour l&rsquo;acc\u00e8s \u00e0 certains Contenus ou Services offerts par le Site Web. Dans tous les cas, l&rsquo;Utilisateur devra notifier imm\u00e9diatement \u00e0 Asociaci\u00f3n de ganaderias de L\u00eddia (AGL) tout fait permettant l&rsquo;utilisation impropre des informations enregistr\u00e9es dans lesdits formulaires, tel que, mais sans s&rsquo;y limiter, le vol, la perte ou l&rsquo;acc\u00e8s non autoris\u00e9 aux identifiants et\/ou aux mots de passe, afin de proc\u00e9der \u00e0 leur annulation imm\u00e9diate.<\/li><\/ul><p>Le simple acc\u00e8s \u00e0 ce site n&rsquo;implique pas l&rsquo;\u00e9tablissement d&rsquo;une quelconque relation commerciale entre l&rsquo;Association des \u00e9leveurs de L\u00eddia (AGL) et l&rsquo;utilisateur.<\/p><p>Conform\u00e9ment \u00e0 la l\u00e9gislation en vigueur, ce site web de l&rsquo;Association des \u00e9leveurs de L\u00eddia (AGL) est destin\u00e9 \u00e0 toutes les personnes, quel que soit leur \u00e2ge, qui peuvent acc\u00e9der et\/ou naviguer sur les pages du site web.<\/p><h2>III. ACC\u00c8S ET NAVIGATION SUR LE SITE WEB : EXCLUSION DE GARANTIE ET DE RESPONSABILIT\u00c9<\/h2><p>Asociaci\u00f3n de ganaderias de L\u00eddia (AGL) ne garantit pas la continuit\u00e9, la disponibilit\u00e9 et l&rsquo;utilit\u00e9 du site Web, ni des contenus ou des services. L&rsquo;Asociaci\u00f3n de ganaderias de L\u00eddia (AGL) fera tout ce qui est en son pouvoir pour assurer le bon fonctionnement du site Web, mais elle n&rsquo;est pas responsable et ne garantit pas que l&rsquo;acc\u00e8s \u00e0 ce site Web sera ininterrompu ou exempt d&rsquo;erreurs.<\/p><p>Elle n&rsquo;est pas non plus responsable et ne garantit pas que le contenu ou les logiciels auxquels il est possible d&rsquo;acc\u00e9der par l&rsquo;interm\u00e9diaire de ce site Web soient exempts d&rsquo;erreurs ou causent des dommages au syst\u00e8me informatique (logiciel et mat\u00e9riel) de l&rsquo;utilisateur. En aucun cas, Asociaci\u00f3n de ganaderias de L\u00eddia (AGL) ne sera responsable des pertes, dommages ou pr\u00e9judices de toute nature d\u00e9coulant de l&rsquo;acc\u00e8s, de la navigation et de l&rsquo;utilisation du site Web, y compris, mais sans s&rsquo;y limiter, ceux caus\u00e9s aux syst\u00e8mes informatiques ou ceux caus\u00e9s par l&rsquo;introduction de virus.<\/p><p>Asociaci\u00f3n de ganaderias de L\u00eddia (AGL) n&rsquo;est pas responsable des dommages qui pourraient \u00eatre caus\u00e9s aux utilisateurs par une mauvaise utilisation de ce site Web. En particulier, elle ne sera en aucun cas responsable des pannes, interruptions, d\u00e9fauts ou d\u00e9faillances des t\u00e9l\u00e9communications qui pourraient se produire.<\/p><h2>IV. POLITIQUE DE LIAISON<\/h2><p>L&rsquo;utilisateur est inform\u00e9 que le site Web de l&rsquo;Asociaci\u00f3n de ganaderias de L\u00eddia (AGL) met ou peut mettre \u00e0 sa disposition des moyens de liaison (tels que, entre autres, des liens, des banni\u00e8res, des boutons), des r\u00e9pertoires et des moteurs de recherche qui permettent \u00e0 l&rsquo;utilisateur d&rsquo;acc\u00e9der \u00e0 des sites Web appartenant \u00e0 des tiers et\/ou g\u00e9r\u00e9s par des tiers.<\/p><p>L&rsquo;installation de ces liens, r\u00e9pertoires et moteurs de recherche sur le site Web a pour but de faciliter la recherche et l&rsquo;acc\u00e8s des utilisateurs \u00e0 l&rsquo;information disponible sur Internet, et ne peut \u00eatre consid\u00e9r\u00e9e comme une suggestion, une recommandation ou une invitation \u00e0 les visiter.<\/p><p>Asociaci\u00f3n de ganaderias de L\u00eddia (AGL) n&rsquo;offre ni ne commercialise, elle-m\u00eame ou par l&rsquo;interm\u00e9diaire de tiers, les produits et\/ou services disponibles sur ces sites li\u00e9s.<\/p><p>De m\u00eame, elle ne garantit pas la disponibilit\u00e9 technique, l&rsquo;exactitude, la v\u00e9racit\u00e9, la validit\u00e9 ou la l\u00e9galit\u00e9 des sites qui ne lui appartiennent pas et qui sont accessibles par le biais des liens.<\/p><p>Asociaci\u00f3n de ganaderias de L\u00eddia (AGL) n&rsquo;examinera ni ne contr\u00f4lera en aucun cas le contenu des autres sites web, pas plus qu&rsquo;elle n&rsquo;approuve, n&rsquo;examine ou ne cautionne les produits et services, le contenu, les fichiers et tout autre mat\u00e9riel des sites li\u00e9s.<\/p><p>Asociaci\u00f3n de ganaderias de L\u00eddia (AGL) n&rsquo;assume aucune responsabilit\u00e9 pour les dommages pouvant d\u00e9couler de l&rsquo;acc\u00e8s, de l&rsquo;utilisation, de la qualit\u00e9 ou de la l\u00e9galit\u00e9 des contenus, des communications, des opinions, des produits et des services des sites web non g\u00e9r\u00e9s par Asociaci\u00f3n de ganaderias de L\u00eddia (AGL) et qui sont li\u00e9s \u00e0 ce site web.<\/p><p>Les utilisateurs ou les tiers qui cr\u00e9ent un lien hypertexte \u00e0 partir d&rsquo;une page web d&rsquo;un autre site web, diff\u00e9rent, vers le site web de Asociaci\u00f3n de ganaderias de L\u00eddia (AGL) doivent \u00eatre conscients du fait que :<\/p><p>La reproduction totale ou partielle des contenus et\/ou des services du site Web est interdite sans l&rsquo;autorisation expresse de l&rsquo;Association des \u00e9leveurs de Lidia (AGL).<\/p><p>Aucune d\u00e9claration fausse, inexacte ou incorrecte ne peut \u00eatre faite sur le site Web de l&rsquo;Association des \u00e9leveurs de b\u00e9tail de L\u00eddia (AGL), ni sur les contenus et\/ou les services de ce dernier.<\/p><p>\u00c0 l&rsquo;exception de l&rsquo;hyperlien, le site Web sur lequel est \u00e9tabli l&rsquo;hyperlien ne contiendra aucun \u00e9l\u00e9ment de ce site Web prot\u00e9g\u00e9 en tant que propri\u00e9t\u00e9 intellectuelle par la loi espagnole, sauf autorisation expresse de l&rsquo;Asociaci\u00f3n de ganaderias de L\u00eddia (AGL).<\/p><p>L&rsquo;\u00e9tablissement de l&rsquo;hyperlien n&rsquo;implique pas l&rsquo;existence d&rsquo;une relation entre Asociaci\u00f3n de ganaderias de L\u00eddia (AGL) et le propri\u00e9taire du site web \u00e0 partir duquel il est \u00e9tabli, ni la connaissance et l&rsquo;acceptation par Asociaci\u00f3n de ganaderias de L\u00eddia (AGL) des contenus, services et\/ou activit\u00e9s offerts sur ledit site web, et vice-versa.<\/p><h2>V. PROPRI\u00c9T\u00c9 INTELLECTUELLE ET INDUSTRIELLE<\/h2><p>Asociaci\u00f3n de ganaderias de L\u00eddia (AGL), elle-m\u00eame ou en tant que cessionnaire, est titulaire de tous les droits de propri\u00e9t\u00e9 intellectuelle et industrielle du site Web, ainsi que des \u00e9l\u00e9ments qu&rsquo;il contient (y compris, mais sans s&rsquo;y limiter, les images, le son, l&rsquo;audio, la vid\u00e9o, les logiciels ou les textes, les marques ou les logos, les combinaisons de couleurs, la structure et la conception, la s\u00e9lection des mat\u00e9riaux utilis\u00e9s, les programmes informatiques n\u00e9cessaires \u00e0 son fonctionnement, \u00e0 son acc\u00e8s et \u00e0 son utilisation, etc.) ). Il s&rsquo;agit donc d&rsquo;\u0153uvres prot\u00e9g\u00e9es en tant que propri\u00e9t\u00e9 intellectuelle par le syst\u00e8me juridique espagnol, auquel s&rsquo;appliquent les r\u00e9glementations espagnoles et communautaires en la mati\u00e8re, ainsi que les trait\u00e9s internationaux sign\u00e9s par l&rsquo;Espagne en la mati\u00e8re.<\/p><p>Tous les droits sont r\u00e9serv\u00e9s. En vertu des dispositions de la loi sur la propri\u00e9t\u00e9 intellectuelle, la reproduction, la distribution et la communication publique, y compris la mise \u00e0 disposition, de tout ou partie du contenu de ce site Web, \u00e0 des fins commerciales, sur tout support et par tout moyen technique, sans l&rsquo;autorisation de l&rsquo;Asociaci\u00f3n de ganaderias de L\u00eddia (AGL), sont express\u00e9ment interdites.<\/p><p>L&rsquo;utilisateur s&rsquo;engage \u00e0 respecter les droits de propri\u00e9t\u00e9 intellectuelle et industrielle de la Asociaci\u00f3n de ganaderias de L\u00eddia (AGL). Vous pouvez visualiser les \u00e9l\u00e9ments du site Web ou m\u00eame les imprimer, les copier et les stocker sur le disque dur de votre ordinateur ou sur tout autre support physique, \u00e0 condition que ce soit exclusivement pour votre usage personnel. L&rsquo;utilisateur ne peut toutefois pas enlever, modifier ou manipuler tout dispositif de protection ou syst\u00e8me de s\u00e9curit\u00e9 install\u00e9 sur le site web.<\/p><p>Si l&rsquo;utilisateur ou un tiers consid\u00e8re que l&rsquo;un des contenus du site Web implique une violation des droits de protection de la propri\u00e9t\u00e9 intellectuelle, il doit en informer imm\u00e9diatement l&rsquo;Asociaci\u00f3n de ganaderias de L\u00eddia (AGL) aux coordonn\u00e9es indiqu\u00e9es dans la section INFORMATIONS G\u00c9N\u00c9RALES du pr\u00e9sent avis juridique et des conditions g\u00e9n\u00e9rales d&rsquo;utilisation.<\/p><h2>VI. ACTIONS EN JUSTICE, DROIT APPLICABLE ET JURIDICTION<\/h2><p>Asociaci\u00f3n de ganaderias de L\u00eddia (AGL) se r\u00e9serve le droit d&rsquo;engager toute action civile ou p\u00e9nale qu&rsquo;elle jugera n\u00e9cessaire en cas d&rsquo;utilisation inappropri\u00e9e du site Web et de ses contenus, ou en cas de violation des pr\u00e9sentes conditions.<\/p><p>La relation entre l&rsquo;Utilisateur et Asociaci\u00f3n de ganaderias de L\u00eddia (AGL) sera r\u00e9gie par la r\u00e9glementation en vigueur et applicable sur le territoire espagnol. En cas de controverse sur l&rsquo;interpr\u00e9tation et\/ou l&rsquo;application de ces conditions, les parties soumettront leurs conflits \u00e0 la juridiction ordinaire, en s&rsquo;en remettant aux juges et aux tribunaux correspondants conform\u00e9ment \u00e0 la loi.<\/p><p>Ce document de mentions l\u00e9gales et conditions g\u00e9n\u00e9rales d&rsquo;utilisation du site web a \u00e9t\u00e9 cr\u00e9\u00e9 \u00e0 l&rsquo;aide du g\u00e9n\u00e9rateur de mod\u00e8les de mentions l\u00e9gales et conditions d&rsquo;utilisation en ligne le 25\/5\/2022.<\/p><p>\u00a0<\/p>\t\t\t\t\t\t\t\t<\/div>\n\t\t\t\t<\/div>\n\t\t\t\t\t<\/div>\n\t\t<\/div>\n\t\t\t\t\t<\/div>\n\t\t<\/section>\n\t\t\t\t<\/div>\n\t\t","protected":false},"excerpt":{"rendered":"<p>AVIS JURIDIQUE ET CONDITIONS G\u00c9N\u00c9RALES D&rsquo;UTILISATION www.asociacionlidia.es I. INFORMATIONS G\u00c9N\u00c9RALES Les coordonn\u00e9es des exploitations d&rsquo;\u00e9levage figurant sur ce site Web ont \u00e9t\u00e9 fournies par leurs propri\u00e9taires ou repr\u00e9sentants respectifs. Conform\u00e9ment \u00e0 l&rsquo;obligation de fournir les informations pr\u00e9vues par la loi 34\/2002 sur les services de la soci\u00e9t\u00e9 de l&rsquo;information et le commerce \u00e9lectronique (LSSI-CE) du [&hellip;]<\/p>\n","protected":false},"author":1,"featured_media":0,"parent":0,"menu_order":0,"comment_status":"closed","ping_status":"closed","template":"elementor_header_footer","meta":{"_acf_changed":false,"footnotes":""},"class_list":["post-119","page","type-page","status-publish","hentry"],"acf":[],"yoast_head":"<!-- This site is optimized with the Yoast SEO plugin v27.3 - https:\/\/yoast.com\/product\/yoast-seo-wordpress\/ -->\n<title>Mentions l\u00e9gales - Asociaci\u00f3n Ganaderias de Lidia Franc\u00e9s<\/title>\n<meta name=\"robots\" content=\"noindex, nofollow\" \/>\n<meta property=\"og:locale\" content=\"fr_FR\" \/>\n<meta property=\"og:type\" content=\"article\" \/>\n<meta property=\"og:title\" content=\"Mentions l\u00e9gales - Asociaci\u00f3n Ganaderias de Lidia Franc\u00e9s\" \/>\n<meta property=\"og:description\" content=\"AVIS JURIDIQUE ET CONDITIONS G\u00c9N\u00c9RALES D&rsquo;UTILISATION www.asociacionlidia.es I. INFORMATIONS G\u00c9N\u00c9RALES Les coordonn\u00e9es des exploitations d&rsquo;\u00e9levage figurant sur ce site Web ont \u00e9t\u00e9 fournies par leurs propri\u00e9taires ou repr\u00e9sentants respectifs. Conform\u00e9ment \u00e0 l&rsquo;obligation de fournir les informations pr\u00e9vues par la loi 34\/2002 sur les services de la soci\u00e9t\u00e9 de l&rsquo;information et le commerce \u00e9lectronique (LSSI-CE) du [&hellip;]\" \/>\n<meta property=\"og:url\" content=\"https:\/\/asociacionlidia.es\/fr\/mentions-legales\/\" \/>\n<meta property=\"og:site_name\" content=\"Asociaci\u00f3n Ganaderias de Lidia Franc\u00e9s\" \/>\n<meta property=\"article:modified_time\" content=\"2023-11-17T12:08:16+00:00\" \/>\n<meta name=\"twitter:card\" content=\"summary_large_image\" \/>\n<meta name=\"twitter:label1\" content=\"Dur\u00e9e de lecture estim\u00e9e\" \/>\n\t<meta name=\"twitter:data1\" content=\"9 minutes\" \/>\n<script type=\"application\/ld+json\" class=\"yoast-schema-graph\">{\"@context\":\"https:\\\/\\\/schema.org\",\"@graph\":[{\"@type\":\"WebPage\",\"@id\":\"https:\\\/\\\/asociacionlidia.es\\\/fr\\\/mentions-legales\\\/\",\"url\":\"https:\\\/\\\/asociacionlidia.es\\\/fr\\\/mentions-legales\\\/\",\"name\":\"Mentions l\u00e9gales - Asociaci\u00f3n Ganaderias de Lidia Franc\u00e9s\",\"isPartOf\":{\"@id\":\"https:\\\/\\\/asociacionlidia.es\\\/fr\\\/#website\"},\"datePublished\":\"2020-02-12T12:52:01+00:00\",\"dateModified\":\"2023-11-17T12:08:16+00:00\",\"breadcrumb\":{\"@id\":\"https:\\\/\\\/asociacionlidia.es\\\/fr\\\/mentions-legales\\\/#breadcrumb\"},\"inLanguage\":\"fr-FR\",\"potentialAction\":[{\"@type\":\"ReadAction\",\"target\":[\"https:\\\/\\\/asociacionlidia.es\\\/fr\\\/mentions-legales\\\/\"]}]},{\"@type\":\"BreadcrumbList\",\"@id\":\"https:\\\/\\\/asociacionlidia.es\\\/fr\\\/mentions-legales\\\/#breadcrumb\",\"itemListElement\":[{\"@type\":\"ListItem\",\"position\":1,\"name\":\"Portada\",\"item\":\"https:\\\/\\\/asociacionlidia.es\\\/fr\\\/\"},{\"@type\":\"ListItem\",\"position\":2,\"name\":\"Mentions l\u00e9gales\"}]},{\"@type\":\"WebSite\",\"@id\":\"https:\\\/\\\/asociacionlidia.es\\\/fr\\\/#website\",\"url\":\"https:\\\/\\\/asociacionlidia.es\\\/fr\\\/\",\"name\":\"Asociaci\u00f3n Ganaderias de Lidia Franc\u00e9s\",\"description\":\"AGL\",\"potentialAction\":[{\"@type\":\"SearchAction\",\"target\":{\"@type\":\"EntryPoint\",\"urlTemplate\":\"https:\\\/\\\/asociacionlidia.es\\\/fr\\\/?s={search_term_string}\"},\"query-input\":{\"@type\":\"PropertyValueSpecification\",\"valueRequired\":true,\"valueName\":\"search_term_string\"}}],\"inLanguage\":\"fr-FR\"}]}<\/script>\n<!-- \/ Yoast SEO plugin. -->","yoast_head_json":{"title":"Mentions l\u00e9gales - Asociaci\u00f3n Ganaderias de Lidia Franc\u00e9s","robots":{"index":"noindex","follow":"nofollow"},"og_locale":"fr_FR","og_type":"article","og_title":"Mentions l\u00e9gales - Asociaci\u00f3n Ganaderias de Lidia Franc\u00e9s","og_description":"AVIS JURIDIQUE ET CONDITIONS G\u00c9N\u00c9RALES D&rsquo;UTILISATION www.asociacionlidia.es I. INFORMATIONS G\u00c9N\u00c9RALES Les coordonn\u00e9es des exploitations d&rsquo;\u00e9levage figurant sur ce site Web ont \u00e9t\u00e9 fournies par leurs propri\u00e9taires ou repr\u00e9sentants respectifs. Conform\u00e9ment \u00e0 l&rsquo;obligation de fournir les informations pr\u00e9vues par la loi 34\/2002 sur les services de la soci\u00e9t\u00e9 de l&rsquo;information et le commerce \u00e9lectronique (LSSI-CE) du [&hellip;]","og_url":"https:\/\/asociacionlidia.es\/fr\/mentions-legales\/","og_site_name":"Asociaci\u00f3n Ganaderias de Lidia Franc\u00e9s","article_modified_time":"2023-11-17T12:08:16+00:00","twitter_card":"summary_large_image","twitter_misc":{"Dur\u00e9e de lecture estim\u00e9e":"9 minutes"},"schema":{"@context":"https:\/\/schema.org","@graph":[{"@type":"WebPage","@id":"https:\/\/asociacionlidia.es\/fr\/mentions-legales\/","url":"https:\/\/asociacionlidia.es\/fr\/mentions-legales\/","name":"Mentions l\u00e9gales - Asociaci\u00f3n Ganaderias de Lidia Franc\u00e9s","isPartOf":{"@id":"https:\/\/asociacionlidia.es\/fr\/#website"},"datePublished":"2020-02-12T12:52:01+00:00","dateModified":"2023-11-17T12:08:16+00:00","breadcrumb":{"@id":"https:\/\/asociacionlidia.es\/fr\/mentions-legales\/#breadcrumb"},"inLanguage":"fr-FR","potentialAction":[{"@type":"ReadAction","target":["https:\/\/asociacionlidia.es\/fr\/mentions-legales\/"]}]},{"@type":"BreadcrumbList","@id":"https:\/\/asociacionlidia.es\/fr\/mentions-legales\/#breadcrumb","itemListElement":[{"@type":"ListItem","position":1,"name":"Portada","item":"https:\/\/asociacionlidia.es\/fr\/"},{"@type":"ListItem","position":2,"name":"Mentions l\u00e9gales"}]},{"@type":"WebSite","@id":"https:\/\/asociacionlidia.es\/fr\/#website","url":"https:\/\/asociacionlidia.es\/fr\/","name":"Asociaci\u00f3n Ganaderias de Lidia Franc\u00e9s","description":"AGL","potentialAction":[{"@type":"SearchAction","target":{"@type":"EntryPoint","urlTemplate":"https:\/\/asociacionlidia.es\/fr\/?s={search_term_string}"},"query-input":{"@type":"PropertyValueSpecification","valueRequired":true,"valueName":"search_term_string"}}],"inLanguage":"fr-FR"}]}},"_links":{"self":[{"href":"https:\/\/asociacionlidia.es\/fr\/wp-json\/wp\/v2\/pages\/119","targetHints":{"allow":["GET"]}}],"collection":[{"href":"https:\/\/asociacionlidia.es\/fr\/wp-json\/wp\/v2\/pages"}],"about":[{"href":"https:\/\/asociacionlidia.es\/fr\/wp-json\/wp\/v2\/types\/page"}],"author":[{"embeddable":true,"href":"https:\/\/asociacionlidia.es\/fr\/wp-json\/wp\/v2\/users\/1"}],"replies":[{"embeddable":true,"href":"https:\/\/asociacionlidia.es\/fr\/wp-json\/wp\/v2\/comments?post=119"}],"version-history":[{"count":5,"href":"https:\/\/asociacionlidia.es\/fr\/wp-json\/wp\/v2\/pages\/119\/revisions"}],"predecessor-version":[{"id":8092,"href":"https:\/\/asociacionlidia.es\/fr\/wp-json\/wp\/v2\/pages\/119\/revisions\/8092"}],"wp:attachment":[{"href":"https:\/\/asociacionlidia.es\/fr\/wp-json\/wp\/v2\/media?parent=119"}],"curies":[{"name":"wp","href":"https:\/\/api.w.org\/{rel}","templated":true}]}}