{"id":1674,"date":"2021-12-10T15:16:49","date_gmt":"2021-12-10T14:16:49","guid":{"rendered":"https:\/\/asociacionlidia.es\/?page_id=1674"},"modified":"2023-06-15T10:15:16","modified_gmt":"2023-06-15T08:15:16","slug":"blog","status":"publish","type":"page","link":"https:\/\/asociacionlidia.es\/en\/blog\/","title":{"rendered":"Blog"},"content":{"rendered":"\t\t<div data-elementor-type=\"wp-page\" data-elementor-id=\"1674\" class=\"elementor elementor-1674\" data-elementor-post-type=\"page\">\n\t\t\t\t\t\t<section class=\"elementor-section elementor-top-section elementor-element elementor-element-8194536 elementor-section-height-min-height elementor-section-boxed elementor-section-height-default elementor-section-items-middle\" data-id=\"8194536\" data-element_type=\"section\" data-e-type=\"section\">\n\t\t\t\t\t\t\t<div class=\"elementor-background-overlay\"><\/div>\n\t\t\t\t\t\t\t<div class=\"elementor-container elementor-column-gap-default\">\n\t\t\t\t\t<div class=\"elementor-column elementor-col-50 elementor-top-column elementor-element elementor-element-a14fabd animated-slow elementor-invisible\" data-id=\"a14fabd\" data-element_type=\"column\" data-e-type=\"column\" data-settings=\"{&quot;animation&quot;:&quot;slideInDown&quot;}\">\n\t\t\t<div class=\"elementor-widget-wrap elementor-element-populated\">\n\t\t\t\t\t\t<div class=\"elementor-element elementor-element-79a13f0 elementor-widget elementor-widget-heading\" data-id=\"79a13f0\" data-element_type=\"widget\" data-e-type=\"widget\" data-widget_type=\"heading.default\">\n\t\t\t\t<div class=\"elementor-widget-container\">\n\t\t\t\t\t<h1 class=\"elementor-heading-title elementor-size-default\">BLOG<\/h1>\t\t\t\t<\/div>\n\t\t\t\t<\/div>\n\t\t\t\t\t<\/div>\n\t\t<\/div>\n\t\t\t\t<div class=\"elementor-column elementor-col-50 elementor-top-column elementor-element elementor-element-f154eaf animated-slow elementor-invisible\" data-id=\"f154eaf\" data-element_type=\"column\" data-e-type=\"column\" data-settings=\"{&quot;animation&quot;:&quot;slideInDown&quot;}\">\n\t\t\t<div class=\"elementor-widget-wrap elementor-element-populated\">\n\t\t\t\t\t\t<div class=\"elementor-element elementor-element-8c2fae8 elementor-widget elementor-widget-image\" data-id=\"8c2fae8\" data-element_type=\"widget\" data-e-type=\"widget\" data-widget_type=\"image.default\">\n\t\t\t\t<div class=\"elementor-widget-container\">\n\t\t\t\t\t\t\t\t\t\t\t\t\t\t\t<img decoding=\"async\" src=\"https:\/\/asociacionlidia.es\/en\/wp-content\/uploads\/sites\/3\/elementor\/thumbs\/asociacion_ganaderias_de_lidia_noticias_slide_a-q8v1m31u7zt2hwjmmt55r4v5ivnywvquojkfjaqauo.webp\" title=\"asociacion ganaderias de lidia noticias slide a\" alt=\"asociacion ganaderias de lidia noticias slide a\" loading=\"lazy\" \/>\t\t\t\t\t\t\t\t\t\t\t\t\t\t\t<\/div>\n\t\t\t\t<\/div>\n\t\t\t\t\t<\/div>\n\t\t<\/div>\n\t\t\t\t\t<\/div>\n\t\t<\/section>\n\t\t\t\t<section class=\"elementor-section elementor-top-section elementor-element elementor-element-096440d elementor-section-height-min-height elementor-section-boxed elementor-section-height-default elementor-section-items-middle\" data-id=\"096440d\" data-element_type=\"section\" data-e-type=\"section\">\n\t\t\t\t\t\t<div class=\"elementor-container elementor-column-gap-default\">\n\t\t\t\t\t<div class=\"elementor-column elementor-col-100 elementor-top-column elementor-element elementor-element-5d2c6f9\" data-id=\"5d2c6f9\" data-element_type=\"column\" data-e-type=\"column\">\n\t\t\t<div class=\"elementor-widget-wrap elementor-element-populated\">\n\t\t\t\t\t\t<div class=\"elementor-element elementor-element-253b072 elementor-hidden-desktop elementor-hidden-laptop elementor-hidden-tablet elementor-hidden-mobile elementor-widget elementor-widget-shortcode\" data-id=\"253b072\" data-element_type=\"widget\" data-e-type=\"widget\" data-widget_type=\"shortcode.default\">\n\t\t\t\t<div class=\"elementor-widget-container\">\n\t\t\t\t\t\t\t<div class=\"elementor-shortcode\"><form method=\"GET\" action=\"https:\/\/asociacionlidia.es\/en\/blog\/\"><select name=\"filtro_fecha\"><option value=\"\">Selecciona un mes<\/option><\/select><input type=\"submit\" value=\"Filtrar\"><\/form><\/div>\n\t\t\t\t\t\t<\/div>\n\t\t\t\t<\/div>\n\t\t\t\t<div class=\"elementor-element elementor-element-302e404 elementor-grid-3 elementor-grid-tablet-2 elementor-grid-mobile-1 elementor-posts--thumbnail-top elementor-posts--show-avatar elementor-card-shadow-yes elementor-posts__hover-gradient elementor-widget elementor-widget-posts\" data-id=\"302e404\" data-element_type=\"widget\" data-e-type=\"widget\" data-settings=\"{&quot;cards_columns&quot;:&quot;3&quot;,&quot;cards_columns_tablet&quot;:&quot;2&quot;,&quot;cards_columns_mobile&quot;:&quot;1&quot;,&quot;cards_row_gap&quot;:{&quot;unit&quot;:&quot;px&quot;,&quot;size&quot;:35,&quot;sizes&quot;:[]},&quot;cards_row_gap_laptop&quot;:{&quot;unit&quot;:&quot;px&quot;,&quot;size&quot;:&quot;&quot;,&quot;sizes&quot;:[]},&quot;cards_row_gap_tablet&quot;:{&quot;unit&quot;:&quot;px&quot;,&quot;size&quot;:&quot;&quot;,&quot;sizes&quot;:[]},&quot;cards_row_gap_mobile&quot;:{&quot;unit&quot;:&quot;px&quot;,&quot;size&quot;:&quot;&quot;,&quot;sizes&quot;:[]}}\" data-widget_type=\"posts.cards\">\n\t\t\t\t<div class=\"elementor-widget-container\">\n\t\t\t\t\t\t\t<div class=\"elementor-posts-container elementor-posts elementor-posts--skin-cards elementor-grid\" role=\"list\">\n\t\t\t\t<article class=\"elementor-post elementor-grid-item post-8024 avpt_entradas type-avpt_entradas status-publish has-post-thumbnail hentry\" role=\"listitem\">\n\t\t\t<div class=\"elementor-post__card\">\n\t\t\t\t<a class=\"elementor-post__thumbnail__link\" href=\"https:\/\/asociacionlidia.es\/en\/avpt_entradas\/presentacion-de-resultados-del-proyecto-naturalmente-bravo\/\" tabindex=\"-1\" ><div class=\"elementor-post__thumbnail\"><img fetchpriority=\"high\" decoding=\"async\" width=\"300\" height=\"169\" src=\"https:\/\/asociacionlidia.es\/en\/wp-content\/uploads\/sites\/3\/Disen_o_sin_ti_tulo-653b6e7b3e46e-300x169.jpg\" class=\"attachment-medium size-medium wp-image-8023\" alt=\"\" srcset=\"https:\/\/asociacionlidia.es\/en\/wp-content\/uploads\/sites\/3\/Disen_o_sin_ti_tulo-653b6e7b3e46e-300x169.jpg 300w, https:\/\/asociacionlidia.es\/en\/wp-content\/uploads\/sites\/3\/Disen_o_sin_ti_tulo-653b6e7b3e46e-1024x576.jpg 1024w, https:\/\/asociacionlidia.es\/en\/wp-content\/uploads\/sites\/3\/Disen_o_sin_ti_tulo-653b6e7b3e46e-768x432.jpg 768w, https:\/\/asociacionlidia.es\/en\/wp-content\/uploads\/sites\/3\/Disen_o_sin_ti_tulo-653b6e7b3e46e-1536x864.jpg 1536w, https:\/\/asociacionlidia.es\/en\/wp-content\/uploads\/sites\/3\/Disen_o_sin_ti_tulo-653b6e7b3e46e.jpg 1920w\" sizes=\"(max-width: 300px) 100vw, 300px\" \/><\/div><\/a>\n\t\t\t\t<div class=\"elementor-post__avatar\">\n\t\t\t\t\t<\/div>\n\t\t\t\t<div class=\"elementor-post__text\">\n\t\t\t\t<h3 class=\"elementor-post__title\">\n\t\t\t<a href=\"https:\/\/asociacionlidia.es\/en\/avpt_entradas\/presentacion-de-resultados-del-proyecto-naturalmente-bravo\/\" >\n\t\t\t\tPRESENTACI\u00d3N DE RESULTADOS DEL PROYECTO &#8220;NATURALMENTE BRAVO&#8221;\t\t\t<\/a>\n\t\t<\/h3>\n\t\t\t\t<div class=\"elementor-post__excerpt\">\n\t\t\t<p>El martes 17 de octubre de 2023, en el Centro de Innovaci\u00f3n Gastron\u00f3mica de la Comunidad de Madrid, el Instituto Madrile\u00f1o de Investigaci\u00f3n y Desarrollo<\/p>\n\t\t<\/div>\n\t\t\n\t\t<a class=\"elementor-post__read-more\" href=\"https:\/\/asociacionlidia.es\/en\/avpt_entradas\/presentacion-de-resultados-del-proyecto-naturalmente-bravo\/\" aria-label=\"Read more about PRESENTACI\u00d3N DE RESULTADOS DEL PROYECTO &#8220;NATURALMENTE BRAVO&#8221;\" tabindex=\"-1\" >\n\t\t\tLeer m\u00e1s \u00bb\t\t<\/a>\n\n\t\t\t\t<\/div>\n\t\t\t\t<div class=\"elementor-post__meta-data\">\n\t\t\t\t\t<span class=\"elementor-post-date\">\n\t\t\t27 October, 2023\t\t<\/span>\n\t\t\t\t<\/div>\n\t\t\t\t\t<\/div>\n\t\t<\/article>\n\t\t\t\t<article class=\"elementor-post elementor-grid-item post-8006 avpt_entradas type-avpt_entradas status-publish has-post-thumbnail hentry\" role=\"listitem\">\n\t\t\t<div class=\"elementor-post__card\">\n\t\t\t\t<a class=\"elementor-post__thumbnail__link\" href=\"https:\/\/asociacionlidia.es\/en\/avpt_entradas\/la-agl-celebra-su-asamblea-general-2023\/\" tabindex=\"-1\" ><div class=\"elementor-post__thumbnail\"><img decoding=\"async\" width=\"300\" height=\"159\" src=\"https:\/\/asociacionlidia.es\/en\/wp-content\/uploads\/sites\/3\/FOTO ASAMBLEA-300x159.jpg\" class=\"attachment-medium size-medium wp-image-8005\" alt=\"\" srcset=\"https:\/\/asociacionlidia.es\/en\/wp-content\/uploads\/sites\/3\/FOTO%20ASAMBLEA-300x159.jpg 300w, https:\/\/asociacionlidia.es\/en\/wp-content\/uploads\/sites\/3\/FOTO%20ASAMBLEA.jpg 566w\" sizes=\"(max-width: 300px) 100vw, 300px\" \/><\/div><\/a>\n\t\t\t\t<div class=\"elementor-post__avatar\">\n\t\t\t\t\t<\/div>\n\t\t\t\t<div class=\"elementor-post__text\">\n\t\t\t\t<h3 class=\"elementor-post__title\">\n\t\t\t<a href=\"https:\/\/asociacionlidia.es\/en\/avpt_entradas\/la-agl-celebra-su-asamblea-general-2023\/\" >\n\t\t\t\tLA AGL CELEBRA SU ASAMBLEA GENERAL 2023\t\t\t<\/a>\n\t\t<\/h3>\n\t\t\t\t<div class=\"elementor-post__excerpt\">\n\t\t\t<p>El viernes 30 de junio en la Sala Antonio Bienvenida de la Plaza de Toros de las Ventas, celebramos una nueva Asamblea General de nuestra<\/p>\n\t\t<\/div>\n\t\t\n\t\t<a class=\"elementor-post__read-more\" href=\"https:\/\/asociacionlidia.es\/en\/avpt_entradas\/la-agl-celebra-su-asamblea-general-2023\/\" aria-label=\"Read more about LA AGL CELEBRA SU ASAMBLEA GENERAL 2023\" tabindex=\"-1\" >\n\t\t\tLeer m\u00e1s \u00bb\t\t<\/a>\n\n\t\t\t\t<\/div>\n\t\t\t\t<div class=\"elementor-post__meta-data\">\n\t\t\t\t\t<span class=\"elementor-post-date\">\n\t\t\t27 July, 2023\t\t<\/span>\n\t\t\t\t<\/div>\n\t\t\t\t\t<\/div>\n\t\t<\/article>\n\t\t\t\t<\/div>\n\t\t\n\t\t\t\t\t\t<\/div>\n\t\t\t\t<\/div>\n\t\t\t\t\t<\/div>\n\t\t<\/div>\n\t\t\t\t\t<\/div>\n\t\t<\/section>\n\t\t\t\t<\/div>\n\t\t","protected":false},"excerpt":{"rendered":"<p>BLOG<\/p>\n","protected":false},"author":1,"featured_media":0,"parent":0,"menu_order":0,"comment_status":"closed","ping_status":"closed","template":"elementor_header_footer","meta":{"_acf_changed":false,"footnotes":""},"class_list":["post-1674","page","type-page","status-publish","hentry"],"acf":[],"yoast_head":"<!-- This site is optimized with the Yoast SEO plugin v27.4 - https:\/\/yoast.com\/product\/yoast-seo-wordpress\/ -->\n<title>Blog - Asociaci\u00f3n de LIdia - Ingl\u00e9s<\/title>\n<meta name=\"robots\" content=\"index, follow, max-snippet:-1, max-image-preview:large, max-video-preview:-1\" \/>\n<link rel=\"canonical\" href=\"https:\/\/asociacionlidia.es\/en\/blog\/\" \/>\n<meta property=\"og:locale\" content=\"en_GB\" \/>\n<meta property=\"og:type\" content=\"article\" \/>\n<meta property=\"og:title\" content=\"Blog - Asociaci\u00f3n de LIdia - Ingl\u00e9s\" \/>\n<meta property=\"og:description\" content=\"BLOG\" \/>\n<meta property=\"og:url\" content=\"https:\/\/asociacionlidia.es\/en\/blog\/\" \/>\n<meta property=\"og:site_name\" content=\"Asociaci\u00f3n de LIdia - Ingl\u00e9s\" \/>\n<meta property=\"article:modified_time\" content=\"2023-06-15T08:15:16+00:00\" \/>\n<meta property=\"og:image\" content=\"https:\/\/asociacionlidia.es\/wp-content\/uploads\/elementor\/thumbs\/asociacion_ganaderias_de_lidia_noticias_slide_a-q34fdzl1y4io969jym9uh00f13ykyq7dvx6kzv0n00.webp\" \/>\n<meta name=\"twitter:card\" content=\"summary_large_image\" \/>\n<meta name=\"twitter:label1\" content=\"Estimated reading time\" \/>\n\t<meta name=\"twitter:data1\" content=\"2 minutes\" \/>\n<script type=\"application\/ld+json\" class=\"yoast-schema-graph\">{\"@context\":\"https:\\\/\\\/schema.org\",\"@graph\":[{\"@type\":\"WebPage\",\"@id\":\"https:\\\/\\\/asociacionlidia.es\\\/en\\\/blog\\\/\",\"url\":\"https:\\\/\\\/asociacionlidia.es\\\/en\\\/blog\\\/\",\"name\":\"Blog - Asociaci\u00f3n de LIdia - Ingl\u00e9s\",\"isPartOf\":{\"@id\":\"https:\\\/\\\/asociacionlidia.es\\\/en\\\/#website\"},\"primaryImageOfPage\":{\"@id\":\"https:\\\/\\\/asociacionlidia.es\\\/en\\\/blog\\\/#primaryimage\"},\"image\":{\"@id\":\"https:\\\/\\\/asociacionlidia.es\\\/en\\\/blog\\\/#primaryimage\"},\"thumbnailUrl\":\"https:\\\/\\\/asociacionlidia.es\\\/wp-content\\\/uploads\\\/sites\\\/3\\\/elementor\\\/thumbs\\\/asociacion_ganaderias_de_lidia_noticias_slide_a-q34fdzl1y4io969jym9uh00f13ykyq7dvx6kzv0n00.webp\",\"datePublished\":\"2021-12-10T14:16:49+00:00\",\"dateModified\":\"2023-06-15T08:15:16+00:00\",\"breadcrumb\":{\"@id\":\"https:\\\/\\\/asociacionlidia.es\\\/en\\\/blog\\\/#breadcrumb\"},\"inLanguage\":\"en-GB\",\"potentialAction\":[{\"@type\":\"ReadAction\",\"target\":[\"https:\\\/\\\/asociacionlidia.es\\\/en\\\/blog\\\/\"]}]},{\"@type\":\"ImageObject\",\"inLanguage\":\"en-GB\",\"@id\":\"https:\\\/\\\/asociacionlidia.es\\\/en\\\/blog\\\/#primaryimage\",\"url\":\"https:\\\/\\\/asociacionlidia.es\\\/wp-content\\\/uploads\\\/sites\\\/3\\\/elementor\\\/thumbs\\\/asociacion_ganaderias_de_lidia_noticias_slide_a-q34fdzl1y4io969jym9uh00f13ykyq7dvx6kzv0n00.webp\",\"contentUrl\":\"https:\\\/\\\/asociacionlidia.es\\\/wp-content\\\/uploads\\\/sites\\\/3\\\/elementor\\\/thumbs\\\/asociacion_ganaderias_de_lidia_noticias_slide_a-q34fdzl1y4io969jym9uh00f13ykyq7dvx6kzv0n00.webp\"},{\"@type\":\"BreadcrumbList\",\"@id\":\"https:\\\/\\\/asociacionlidia.es\\\/en\\\/blog\\\/#breadcrumb\",\"itemListElement\":[{\"@type\":\"ListItem\",\"position\":1,\"name\":\"Portada\",\"item\":\"https:\\\/\\\/asociacionlidia.es\\\/en\\\/\"},{\"@type\":\"ListItem\",\"position\":2,\"name\":\"Blog\"}]},{\"@type\":\"WebSite\",\"@id\":\"https:\\\/\\\/asociacionlidia.es\\\/en\\\/#website\",\"url\":\"https:\\\/\\\/asociacionlidia.es\\\/en\\\/\",\"name\":\"Asociaci\u00f3n de LIdia - Ingl\u00e9s\",\"description\":\"AGL\",\"potentialAction\":[{\"@type\":\"SearchAction\",\"target\":{\"@type\":\"EntryPoint\",\"urlTemplate\":\"https:\\\/\\\/asociacionlidia.es\\\/en\\\/?s={search_term_string}\"},\"query-input\":{\"@type\":\"PropertyValueSpecification\",\"valueRequired\":true,\"valueName\":\"search_term_string\"}}],\"inLanguage\":\"en-GB\"}]}<\/script>\n<!-- \/ Yoast SEO plugin. -->","yoast_head_json":{"title":"Blog - Asociaci\u00f3n de LIdia - Ingl\u00e9s","robots":{"index":"index","follow":"follow","max-snippet":"max-snippet:-1","max-image-preview":"max-image-preview:large","max-video-preview":"max-video-preview:-1"},"canonical":"https:\/\/asociacionlidia.es\/en\/blog\/","og_locale":"en_GB","og_type":"article","og_title":"Blog - Asociaci\u00f3n de LIdia - Ingl\u00e9s","og_description":"BLOG","og_url":"https:\/\/asociacionlidia.es\/en\/blog\/","og_site_name":"Asociaci\u00f3n de LIdia - Ingl\u00e9s","article_modified_time":"2023-06-15T08:15:16+00:00","og_image":[{"url":"https:\/\/asociacionlidia.es\/wp-content\/uploads\/elementor\/thumbs\/asociacion_ganaderias_de_lidia_noticias_slide_a-q34fdzl1y4io969jym9uh00f13ykyq7dvx6kzv0n00.webp","type":"","width":"","height":""}],"twitter_card":"summary_large_image","twitter_misc":{"Estimated reading time":"2 minutes"},"schema":{"@context":"https:\/\/schema.org","@graph":[{"@type":"WebPage","@id":"https:\/\/asociacionlidia.es\/en\/blog\/","url":"https:\/\/asociacionlidia.es\/en\/blog\/","name":"Blog - Asociaci\u00f3n de LIdia - Ingl\u00e9s","isPartOf":{"@id":"https:\/\/asociacionlidia.es\/en\/#website"},"primaryImageOfPage":{"@id":"https:\/\/asociacionlidia.es\/en\/blog\/#primaryimage"},"image":{"@id":"https:\/\/asociacionlidia.es\/en\/blog\/#primaryimage"},"thumbnailUrl":"https:\/\/asociacionlidia.es\/wp-content\/uploads\/sites\/3\/elementor\/thumbs\/asociacion_ganaderias_de_lidia_noticias_slide_a-q34fdzl1y4io969jym9uh00f13ykyq7dvx6kzv0n00.webp","datePublished":"2021-12-10T14:16:49+00:00","dateModified":"2023-06-15T08:15:16+00:00","breadcrumb":{"@id":"https:\/\/asociacionlidia.es\/en\/blog\/#breadcrumb"},"inLanguage":"en-GB","potentialAction":[{"@type":"ReadAction","target":["https:\/\/asociacionlidia.es\/en\/blog\/"]}]},{"@type":"ImageObject","inLanguage":"en-GB","@id":"https:\/\/asociacionlidia.es\/en\/blog\/#primaryimage","url":"https:\/\/asociacionlidia.es\/wp-content\/uploads\/sites\/3\/elementor\/thumbs\/asociacion_ganaderias_de_lidia_noticias_slide_a-q34fdzl1y4io969jym9uh00f13ykyq7dvx6kzv0n00.webp","contentUrl":"https:\/\/asociacionlidia.es\/wp-content\/uploads\/sites\/3\/elementor\/thumbs\/asociacion_ganaderias_de_lidia_noticias_slide_a-q34fdzl1y4io969jym9uh00f13ykyq7dvx6kzv0n00.webp"},{"@type":"BreadcrumbList","@id":"https:\/\/asociacionlidia.es\/en\/blog\/#breadcrumb","itemListElement":[{"@type":"ListItem","position":1,"name":"Portada","item":"https:\/\/asociacionlidia.es\/en\/"},{"@type":"ListItem","position":2,"name":"Blog"}]},{"@type":"WebSite","@id":"https:\/\/asociacionlidia.es\/en\/#website","url":"https:\/\/asociacionlidia.es\/en\/","name":"Asociaci\u00f3n de LIdia - Ingl\u00e9s","description":"AGL","potentialAction":[{"@type":"SearchAction","target":{"@type":"EntryPoint","urlTemplate":"https:\/\/asociacionlidia.es\/en\/?s={search_term_string}"},"query-input":{"@type":"PropertyValueSpecification","valueRequired":true,"valueName":"search_term_string"}}],"inLanguage":"en-GB"}]}},"_links":{"self":[{"href":"https:\/\/asociacionlidia.es\/en\/wp-json\/wp\/v2\/pages\/1674","targetHints":{"allow":["GET"]}}],"collection":[{"href":"https:\/\/asociacionlidia.es\/en\/wp-json\/wp\/v2\/pages"}],"about":[{"href":"https:\/\/asociacionlidia.es\/en\/wp-json\/wp\/v2\/types\/page"}],"author":[{"embeddable":true,"href":"https:\/\/asociacionlidia.es\/en\/wp-json\/wp\/v2\/users\/1"}],"replies":[{"embeddable":true,"href":"https:\/\/asociacionlidia.es\/en\/wp-json\/wp\/v2\/comments?post=1674"}],"version-history":[{"count":0,"href":"https:\/\/asociacionlidia.es\/en\/wp-json\/wp\/v2\/pages\/1674\/revisions"}],"wp:attachment":[{"href":"https:\/\/asociacionlidia.es\/en\/wp-json\/wp\/v2\/media?parent=1674"}],"curies":[{"name":"wp","href":"https:\/\/api.w.org\/{rel}","templated":true}]}}