{"id":119,"date":"2020-02-12T13:52:01","date_gmt":"2020-02-12T12:52:01","guid":{"rendered":"https:\/\/asociacionlidia.es\/?page_id=119"},"modified":"2023-11-02T11:35:12","modified_gmt":"2023-11-02T10:35:12","slug":"legal-notice","status":"publish","type":"page","link":"https:\/\/asociacionlidia.es\/en\/legal-notice\/","title":{"rendered":"Legal Notice"},"content":{"rendered":"\t\t<div data-elementor-type=\"wp-page\" data-elementor-id=\"119\" class=\"elementor elementor-119\" data-elementor-post-type=\"page\">\n\t\t\t\t\t\t<section class=\"elementor-section elementor-top-section elementor-element elementor-element-14cc4e5 elementor-section-boxed elementor-section-height-default elementor-section-height-default\" data-id=\"14cc4e5\" data-element_type=\"section\" data-e-type=\"section\">\n\t\t\t\t\t\t<div class=\"elementor-container elementor-column-gap-default\">\n\t\t\t\t\t<div class=\"elementor-column elementor-col-100 elementor-top-column elementor-element elementor-element-79a79df\" data-id=\"79a79df\" data-element_type=\"column\" data-e-type=\"column\">\n\t\t\t<div class=\"elementor-widget-wrap elementor-element-populated\">\n\t\t\t\t\t\t<div class=\"elementor-element elementor-element-4a8543be elementor-widget elementor-widget-text-editor\" data-id=\"4a8543be\" data-element_type=\"widget\" data-e-type=\"widget\" data-widget_type=\"text-editor.default\">\n\t\t\t\t<div class=\"elementor-widget-container\">\n\t\t\t\t\t\t\t\t\t<h1>LEGAL NOTICE AND GENERAL CONDITIONS OF USE<\/h1><p>www.asociacionlidia.es<\/p><h2>I. GENERAL INFORMATION<\/h2><p>The data of the Cattle Breeding Farms that appear in this web site have been provided by their respective owners or representatives.<\/p><p>In compliance with the duty of information provided in Law 34\/2002 of Services of the Information Society and Electronic Commerce (LSSI-CE) of July 11, 2002, the following general information about this website is provided below:<\/p><p>The ownership of this website, www.asociacionlidia.es, (hereinafter, Website) is held by: ASOCIACI\u00d3N DE GANADER\u00cdAS DE LIDIA, with NIF: G28528966, and whose contact details are:<\/p><p>Address: Marques de cubas 23 1\u00baizq<\/p><p>Contact telephone number: <strong>914290251 &#8211; 914295626<\/strong><\/p><p>Contact email: asociacionlidia@asociacionlidia.com<\/p><h2>II. GENERAL TERMS AND CONDITIONS OF USE<\/h2><p>The object of the conditions: The Website<\/p><p>The purpose of these General Conditions of Use (hereinafter, Conditions) is to regulate access to and use of the Website. For the purposes of these Conditions, the Website shall be understood as: the external appearance of the screen interfaces, both statically and dynamically, i.e. the navigation tree; and all the elements integrated both in the screen interfaces and in the navigation tree (hereinafter, Contents) and all those online services or resources that may be offered to Users (hereinafter, Services).<\/p><p>Asociaci\u00f3n de ganaderias de L\u00eddia (AGL) reserves the right to modify, at any time and without prior notice, the presentation and configuration of the Website and the Contents and Services that may be incorporated therein. The User recognizes and accepts that at any time, Asociaci\u00f3n de ganaderias de L\u00eddia (AGL) can interrupt, deactivate and\/or cancel any of these elements that are integrated in the Web Site or the access to them.<\/p><p>Access to the Web Site by the User is free and, as a general rule, is free without the User having to provide a consideration in order to enjoy it, except for the cost of connection through the telecommunications network provided by the access provider contracted by the User.<\/p><p>The use of any of the Contents or Services of the Web Site may be made through the prior subscription or registration of the User.<\/p><p>The User<\/p><p>The access, navigation and use of the Web Site, confers the condition of User, so you accept, from the moment you start browsing the Web Site, all the Conditions set forth herein, as well as its subsequent modifications, without prejudice to the application of the corresponding legal regulations of mandatory compliance as the case may be. Given the relevance of the above, the User is recommended to read them every time he\/she visits the Web Site.<\/p><p>The Web Site of Asociaci\u00f3n de ganaderias de L\u00eddia (AGL) provides great diversity of information, services and data. The User assumes responsibility for the correct use of the Web Site. This responsibility will be extended to:<\/p><ul><li>A use of the information, Contents and\/or Services and data offered by Asociaci\u00f3n de ganaderias de L\u00eddia (AGL) without being contrary to the present Conditions, the Law, the moral or the public order, or that in any other way can suppose injury of the rights of third parties or of the same operation of the Web Site.<\/li><li>The veracity and legality of the information provided by the User in the forms extended by Asociaci\u00f3n de ganaderias de L\u00eddia (AGL) for the access to certain Contents or Services offered by the Web Site. In any case, the User shall immediately notify Asociaci\u00f3n de ganaderias de L\u00eddia (AGL) about any fact that allows the improper use of the information registered in said forms, such as, but not limited to, theft, loss, or unauthorized access to identifiers and\/or passwords, in order to proceed to their immediate cancellation.<\/li><\/ul><p>The mere access to this Web Site does not imply any type of commercial relationship between Asociaci\u00f3n de ganaderias de L\u00eddia (AGL) and the User.<\/p><p>In compliance with current legislation, this L\u00eddia Livestock Association (AGL) Web Site is intended for all persons, regardless of age, who may access and\/or browse the pages of the Web Site.<\/p><h2>III. ACCESS AND NAVIGATION ON THE WEB SITE: EXCLUSION OF WARRANTIES AND LIABILITY<\/h2><p>Asociaci\u00f3n de ganaderias de L\u00eddia (AGL) does not guarantee the continuity, availability and usefulness of the Web Site, nor of the Contents or Services. Asociaci\u00f3n de ganaderias de L\u00eddia (AGL) will do everything possible for the proper functioning of the Web Site, however, is not responsible or guarantee that access to this Web Site will not be uninterrupted or error free.<\/p><p>Neither it is responsible or guarantees that the content or software to which it can be acceded through this Web site, is free of error or causes a damage to the computer system (software and hardware) of the User. In no case shall Asociaci\u00f3n de ganaderias de L\u00eddia (AGL) be liable for any loss or damage of any kind arising from access, navigation and use of the Website, including, but not limited to, those caused to computer systems or those caused by the introduction of viruses.<\/p><p>Asociaci\u00f3n de ganaderias de L\u00eddia (AGL) is not responsible for the damages that could be caused to the users by an inadequate use of this Web Site. In particular, it is not responsible in any way of the falls, interruptions, lack or defect of the telecommunications that could happen.<\/p><h2>IV. LINKING POLICY<\/h2><p>It is informed that the Web Site of Asociaci\u00f3n de ganaderias de L\u00eddia (AGL) puts or can put at the disposal of the Users means of link (as, among others, links, banners, buttons), directories and search engines that allow the Users to accede to Web sites belonging and\/or managed by third parties.<\/p><p>The installation of these links, directories and search engines on the Web Site is intended to facilitate the Users the search for and access to information available on the Internet, without being considered a suggestion, recommendation or invitation to visit them.<\/p><p>Asociaci\u00f3n de ganaderias de L\u00eddia (AGL) does not offer or market by itself or through third parties the products and\/or services available in such linked sites.<\/p><p>Likewise, it does not guarantee the technical availability, accuracy, veracity, validity or legality of sites outside its property that can be accessed through the links.<\/p><p>Asociaci\u00f3n de ganaderias de L\u00eddia (AGL) will in no case review or control the content of other websites, nor does it approve, examine or make its own the products and services, contents, files and any other material existing in the referred linked sites.<\/p><p>Asociaci\u00f3n de ganaderias de L\u00eddia (AGL) assumes no responsibility for any damages that may arise from the access, use, quality or legality of the contents, communications, opinions, products and services of websites not managed by Asociaci\u00f3n de ganaderias de L\u00eddia (AGL) and which are linked to this Website.<\/p><p>The User or third party that makes a hyperlink from a web page of another, different, web site to the Web Site of Asociaci\u00f3n de ganaderias de L\u00eddia (AGL) should know that:<\/p><p>It is not allowed the reproduction -total or partially- of any of the Contents and\/or Services of the Web Site without express authorization of Asociaci\u00f3n de ganaderias de L\u00eddia (AGL).<\/p><p>No false, inaccurate or incorrect statement about the Asociaci\u00f3n de ganaderias de L\u00eddia (AGL) Web Site, nor about the Contents and\/or Services of the same is allowed.<\/p><p>With the exception of the hyperlink, the Web site in which such hyperlink is established shall not contain any element of this Web site protected as intellectual property by the Spanish legal system, unless expressly authorized by Asociaci\u00f3n de ganaderias de L\u00eddia (AGL).<\/p><p>The establishment of the hyperlink will not imply the existence of relations between Asociaci\u00f3n de ganaderias de L\u00eddia (AGL) and the holder of the Web site from which it is made, nor the knowledge and acceptance of Asociaci\u00f3n de ganaderias de L\u00eddia (AGL) of the contents, services and\/or activities offered in this Web site, and vice versa.<\/p><h2>V. INTELLECTUAL AND INDUSTRIAL PROPERTY<\/h2><p>Asociaci\u00f3n de ganaderias de L\u00eddia (AGL) by itself or as an assignee, owns all intellectual and industrial property rights of the Website, as well as the elements contained therein (including but not limited to images, sound, audio, video, software or text, trademarks or logos, color combinations, structure and design, selection of materials used, computer programs necessary for its operation, access and use, etc.). They are, therefore, works protected as intellectual property by the Spanish legal system, being applicable to them both the Spanish and Community regulations in this field, as well as the international treaties related to the matter and signed by Spain.<\/p><p>All rights reserved. By virtue of the provisions of the Intellectual Property Law, the reproduction, distribution and public communication, including its modality of making available, of all or part of the contents of this website, for commercial purposes, in any support and by any technical means, without the authorization of Asociaci\u00f3n de ganaderias de L\u00eddia (AGL), are expressly prohibited.<\/p><p>The User undertakes to respect the intellectual and industrial property rights of Asociaci\u00f3n de ganaderias de L\u00eddia (AGL). It will be able to visualize the elements of the Web Site or even to print them, to copy them and to store them in the hard disk of its computer or in any other physical support as long as it is, exclusively, for its personal use. The User, however, may not remove, alter or manipulate any protection device or security system installed on the Website.<\/p><p>In case the User or third party considers that any of the Contents of the Web Site supposes a violation of the rights of protection of the intellectual property, it will have to communicate it immediately to Asociaci\u00f3n de ganaderias de L\u00eddia (AGL) through the contact data of the section of GENERAL INFORMATION of this Legal Warning and General Conditions of Use.<\/p><h2>VI. LEGAL ACTIONS, APPLICABLE LAW AND JURISDICTION<\/h2><p>Asociaci\u00f3n de ganaderias de L\u00eddia (AGL) reserves the right to file the civil or penal actions that it considers necessary for the undue use of the Web Site and Contents, or for the breach of the present Conditions.<\/p><p>The relationship between the User and Asociaci\u00f3n de ganaderias de L\u00eddia (AGL) will be governed by the regulations in force and applicable in the Spanish territory. If any controversy arises in relation to the interpretation and\/or the application of these Conditions the parts will submit their conflicts to the ordinary jurisdiction submitting to the judges and courts that correspond according to right.<\/p><p>This Legal Notice and Terms of Use document has been created using the online Legal Notice and Terms of Use template generator on 5\/25\/2022.<\/p>\t\t\t\t\t\t\t\t<\/div>\n\t\t\t\t<\/div>\n\t\t\t\t\t<\/div>\n\t\t<\/div>\n\t\t\t\t\t<\/div>\n\t\t<\/section>\n\t\t\t\t<\/div>\n\t\t","protected":false},"excerpt":{"rendered":"<p>LEGAL NOTICE AND GENERAL CONDITIONS OF USE www.asociacionlidia.es I. GENERAL INFORMATION The data of the Cattle Breeding Farms that appear in this web site have been provided by their respective owners or representatives. In compliance with the duty of information provided in Law 34\/2002 of Services of the Information Society and Electronic Commerce (LSSI-CE) of [&hellip;]<\/p>\n","protected":false},"author":1,"featured_media":0,"parent":0,"menu_order":0,"comment_status":"closed","ping_status":"closed","template":"elementor_header_footer","meta":{"_acf_changed":false,"footnotes":""},"class_list":["post-119","page","type-page","status-publish","hentry"],"acf":[],"yoast_head":"<!-- This site is optimized with the Yoast SEO plugin v27.3 - https:\/\/yoast.com\/product\/yoast-seo-wordpress\/ -->\n<title>Legal Notice - Asociaci\u00f3n de LIdia - Ingl\u00e9s<\/title>\n<meta name=\"robots\" content=\"noindex, nofollow\" \/>\n<meta property=\"og:locale\" content=\"en_GB\" \/>\n<meta property=\"og:type\" content=\"article\" \/>\n<meta property=\"og:title\" content=\"Legal Notice - Asociaci\u00f3n de LIdia - Ingl\u00e9s\" \/>\n<meta property=\"og:description\" content=\"LEGAL NOTICE AND GENERAL CONDITIONS OF USE www.asociacionlidia.es I. GENERAL INFORMATION The data of the Cattle Breeding Farms that appear in this web site have been provided by their respective owners or representatives. In compliance with the duty of information provided in Law 34\/2002 of Services of the Information Society and Electronic Commerce (LSSI-CE) of [&hellip;]\" \/>\n<meta property=\"og:url\" content=\"https:\/\/asociacionlidia.es\/en\/legal-notice\/\" \/>\n<meta property=\"og:site_name\" content=\"Asociaci\u00f3n de LIdia - Ingl\u00e9s\" \/>\n<meta property=\"article:modified_time\" content=\"2023-11-02T10:35:12+00:00\" \/>\n<meta name=\"twitter:card\" content=\"summary_large_image\" \/>\n<meta name=\"twitter:label1\" content=\"Estimated reading time\" \/>\n\t<meta name=\"twitter:data1\" content=\"9 minutes\" \/>\n<script type=\"application\/ld+json\" class=\"yoast-schema-graph\">{\"@context\":\"https:\\\/\\\/schema.org\",\"@graph\":[{\"@type\":\"WebPage\",\"@id\":\"https:\\\/\\\/asociacionlidia.es\\\/en\\\/legal-notice\\\/\",\"url\":\"https:\\\/\\\/asociacionlidia.es\\\/en\\\/legal-notice\\\/\",\"name\":\"Legal Notice - Asociaci\u00f3n de LIdia - Ingl\u00e9s\",\"isPartOf\":{\"@id\":\"https:\\\/\\\/asociacionlidia.es\\\/en\\\/#website\"},\"datePublished\":\"2020-02-12T12:52:01+00:00\",\"dateModified\":\"2023-11-02T10:35:12+00:00\",\"breadcrumb\":{\"@id\":\"https:\\\/\\\/asociacionlidia.es\\\/en\\\/legal-notice\\\/#breadcrumb\"},\"inLanguage\":\"en-GB\",\"potentialAction\":[{\"@type\":\"ReadAction\",\"target\":[\"https:\\\/\\\/asociacionlidia.es\\\/en\\\/legal-notice\\\/\"]}]},{\"@type\":\"BreadcrumbList\",\"@id\":\"https:\\\/\\\/asociacionlidia.es\\\/en\\\/legal-notice\\\/#breadcrumb\",\"itemListElement\":[{\"@type\":\"ListItem\",\"position\":1,\"name\":\"Portada\",\"item\":\"https:\\\/\\\/asociacionlidia.es\\\/en\\\/\"},{\"@type\":\"ListItem\",\"position\":2,\"name\":\"Legal Notice\"}]},{\"@type\":\"WebSite\",\"@id\":\"https:\\\/\\\/asociacionlidia.es\\\/en\\\/#website\",\"url\":\"https:\\\/\\\/asociacionlidia.es\\\/en\\\/\",\"name\":\"Asociaci\u00f3n de LIdia - Ingl\u00e9s\",\"description\":\"AGL\",\"potentialAction\":[{\"@type\":\"SearchAction\",\"target\":{\"@type\":\"EntryPoint\",\"urlTemplate\":\"https:\\\/\\\/asociacionlidia.es\\\/en\\\/?s={search_term_string}\"},\"query-input\":{\"@type\":\"PropertyValueSpecification\",\"valueRequired\":true,\"valueName\":\"search_term_string\"}}],\"inLanguage\":\"en-GB\"}]}<\/script>\n<!-- \/ Yoast SEO plugin. -->","yoast_head_json":{"title":"Legal Notice - Asociaci\u00f3n de LIdia - Ingl\u00e9s","robots":{"index":"noindex","follow":"nofollow"},"og_locale":"en_GB","og_type":"article","og_title":"Legal Notice - Asociaci\u00f3n de LIdia - Ingl\u00e9s","og_description":"LEGAL NOTICE AND GENERAL CONDITIONS OF USE www.asociacionlidia.es I. GENERAL INFORMATION The data of the Cattle Breeding Farms that appear in this web site have been provided by their respective owners or representatives. In compliance with the duty of information provided in Law 34\/2002 of Services of the Information Society and Electronic Commerce (LSSI-CE) of [&hellip;]","og_url":"https:\/\/asociacionlidia.es\/en\/legal-notice\/","og_site_name":"Asociaci\u00f3n de LIdia - Ingl\u00e9s","article_modified_time":"2023-11-02T10:35:12+00:00","twitter_card":"summary_large_image","twitter_misc":{"Estimated reading time":"9 minutes"},"schema":{"@context":"https:\/\/schema.org","@graph":[{"@type":"WebPage","@id":"https:\/\/asociacionlidia.es\/en\/legal-notice\/","url":"https:\/\/asociacionlidia.es\/en\/legal-notice\/","name":"Legal Notice - Asociaci\u00f3n de LIdia - Ingl\u00e9s","isPartOf":{"@id":"https:\/\/asociacionlidia.es\/en\/#website"},"datePublished":"2020-02-12T12:52:01+00:00","dateModified":"2023-11-02T10:35:12+00:00","breadcrumb":{"@id":"https:\/\/asociacionlidia.es\/en\/legal-notice\/#breadcrumb"},"inLanguage":"en-GB","potentialAction":[{"@type":"ReadAction","target":["https:\/\/asociacionlidia.es\/en\/legal-notice\/"]}]},{"@type":"BreadcrumbList","@id":"https:\/\/asociacionlidia.es\/en\/legal-notice\/#breadcrumb","itemListElement":[{"@type":"ListItem","position":1,"name":"Portada","item":"https:\/\/asociacionlidia.es\/en\/"},{"@type":"ListItem","position":2,"name":"Legal Notice"}]},{"@type":"WebSite","@id":"https:\/\/asociacionlidia.es\/en\/#website","url":"https:\/\/asociacionlidia.es\/en\/","name":"Asociaci\u00f3n de LIdia - Ingl\u00e9s","description":"AGL","potentialAction":[{"@type":"SearchAction","target":{"@type":"EntryPoint","urlTemplate":"https:\/\/asociacionlidia.es\/en\/?s={search_term_string}"},"query-input":{"@type":"PropertyValueSpecification","valueRequired":true,"valueName":"search_term_string"}}],"inLanguage":"en-GB"}]}},"_links":{"self":[{"href":"https:\/\/asociacionlidia.es\/en\/wp-json\/wp\/v2\/pages\/119","targetHints":{"allow":["GET"]}}],"collection":[{"href":"https:\/\/asociacionlidia.es\/en\/wp-json\/wp\/v2\/pages"}],"about":[{"href":"https:\/\/asociacionlidia.es\/en\/wp-json\/wp\/v2\/types\/page"}],"author":[{"embeddable":true,"href":"https:\/\/asociacionlidia.es\/en\/wp-json\/wp\/v2\/users\/1"}],"replies":[{"embeddable":true,"href":"https:\/\/asociacionlidia.es\/en\/wp-json\/wp\/v2\/comments?post=119"}],"version-history":[{"count":4,"href":"https:\/\/asociacionlidia.es\/en\/wp-json\/wp\/v2\/pages\/119\/revisions"}],"predecessor-version":[{"id":8061,"href":"https:\/\/asociacionlidia.es\/en\/wp-json\/wp\/v2\/pages\/119\/revisions\/8061"}],"wp:attachment":[{"href":"https:\/\/asociacionlidia.es\/en\/wp-json\/wp\/v2\/media?parent=119"}],"curies":[{"name":"wp","href":"https:\/\/api.w.org\/{rel}","templated":true}]}}